{"id":1630,"date":"2024-02-23T09:03:59","date_gmt":"2024-02-23T09:03:59","guid":{"rendered":"https:\/\/www.b-securite.com\/b-securite-academy-2\/"},"modified":"2024-07-03T12:48:53","modified_gmt":"2024-07-03T12:48:53","slug":"b-securite-academy-2","status":"publish","type":"page","link":"https:\/\/www.b-securite.com\/en\/b-securite-academy-2\/","title":{"rendered":"B-Securit\u00e9 Academy"},"content":{"rendered":"\t\t<div data-elementor-type=\"wp-page\" data-elementor-id=\"1630\" class=\"elementor elementor-1630 elementor-1094\" data-elementor-post-type=\"page\">\n\t\t\t\t<div class=\"elementor-element elementor-element-2fb10dc e-con-full elementor-hidden-mobile e-flex e-con e-parent\" data-id=\"2fb10dc\" data-element_type=\"container\" data-e-type=\"container\" data-settings=\"{&quot;background_background&quot;:&quot;classic&quot;}\">\n\t\t<div class=\"elementor-element elementor-element-b55a7d1 e-flex e-con-boxed e-con e-child\" data-id=\"b55a7d1\" data-element_type=\"container\" data-e-type=\"container\" data-settings=\"{&quot;background_background&quot;:&quot;classic&quot;}\">\n\t\t\t\t\t<div class=\"e-con-inner\">\n\t\t\t\t<div class=\"elementor-element elementor-element-551f360 elementor-invisible elementor-widget elementor-widget-heading\" data-id=\"551f360\" data-element_type=\"widget\" data-e-type=\"widget\" data-settings=\"{&quot;_animation&quot;:&quot;fadeIn&quot;}\" data-widget_type=\"heading.default\">\n\t\t\t\t<div class=\"elementor-widget-container\">\n\t\t\t\t\t<h1 class=\"elementor-heading-title elementor-size-default\">B-Securit\u00e9 Academy<\/h1>\t\t\t\t<\/div>\n\t\t\t\t<\/div>\n\t\t\t\t<div class=\"elementor-element elementor-element-b12675c elementor-widget__width-initial elementor-invisible elementor-widget elementor-widget-text-editor\" data-id=\"b12675c\" data-element_type=\"widget\" data-e-type=\"widget\" data-settings=\"{&quot;_animation&quot;:&quot;fadeIn&quot;,&quot;_animation_delay&quot;:200}\" data-widget_type=\"text-editor.default\">\n\t\t\t\t<div class=\"elementor-widget-container\">\n\t\t\t\t\t\t\t\t\t<p>To provide this quality, B-Securit\u00e9 has its own in-company training whose exam is European certified. This training was internally developed and housed in the B-Securit\u00e9 Academy.<\/p>\n\t\t\t\t\t\t\t\t<\/div>\n\t\t\t\t<\/div>\n\t\t\t\t\t<\/div>\n\t\t\t\t<\/div>\n\t\t\t\t<\/div>\n\t\t<div class=\"elementor-element elementor-element-5c844bd elementor-hidden-desktop elementor-hidden-tablet e-flex e-con-boxed e-con e-parent\" data-id=\"5c844bd\" data-element_type=\"container\" data-e-type=\"container\" data-settings=\"{&quot;background_background&quot;:&quot;classic&quot;}\">\n\t\t\t\t\t<div class=\"e-con-inner\">\n\t\t\t\t<div class=\"elementor-element elementor-element-7935ac2 elementor-invisible elementor-widget elementor-widget-heading\" data-id=\"7935ac2\" data-element_type=\"widget\" data-e-type=\"widget\" data-settings=\"{&quot;_animation&quot;:&quot;fadeIn&quot;}\" data-widget_type=\"heading.default\">\n\t\t\t\t<div class=\"elementor-widget-container\">\n\t\t\t\t\t<h1 class=\"elementor-heading-title elementor-size-default\">B-Security Academy<\/h1>\t\t\t\t<\/div>\n\t\t\t\t<\/div>\n\t\t\t\t<div class=\"elementor-element elementor-element-6af7def elementor-widget__width-initial elementor-invisible elementor-widget elementor-widget-text-editor\" data-id=\"6af7def\" data-element_type=\"widget\" data-e-type=\"widget\" data-settings=\"{&quot;_animation&quot;:&quot;fadeIn&quot;,&quot;_animation_delay&quot;:200}\" data-widget_type=\"text-editor.default\">\n\t\t\t\t<div class=\"elementor-widget-container\">\n\t\t\t\t\t\t\t\t\t<p>B-Securit\u00e9 was established according to the European Foundation for Quality Management (EFQM) where high quality service is paramount. To provide this quality, B-Securit\u00e9 has its own in-company training whose exam is European certified. This training was internally developed and housed in the B-Securit\u00e9 Academy.<\/p>\n\t\t\t\t\t\t\t\t<\/div>\n\t\t\t\t<\/div>\n\t\t\t\t\t<\/div>\n\t\t\t\t<\/div>\n\t\t<div class=\"elementor-element elementor-element-582a5b2 e-flex e-con-boxed elementor-invisible e-con e-parent\" data-id=\"582a5b2\" data-element_type=\"container\" data-e-type=\"container\" data-settings=\"{&quot;animation&quot;:&quot;fadeInUp&quot;}\">\n\t\t\t\t\t<div class=\"e-con-inner\">\n\t\t<div class=\"elementor-element elementor-element-aa57d41 e-flex e-con-boxed elementor-invisible e-con e-child\" data-id=\"aa57d41\" data-element_type=\"container\" data-e-type=\"container\" data-settings=\"{&quot;animation&quot;:&quot;fadeInUp&quot;}\">\n\t\t\t\t\t<div class=\"e-con-inner\">\n\t\t\t\t<div class=\"elementor-element elementor-element-0f61558 elementor-widget elementor-widget-heading\" data-id=\"0f61558\" data-element_type=\"widget\" data-e-type=\"widget\" data-widget_type=\"heading.default\">\n\t\t\t\t<div class=\"elementor-widget-container\">\n\t\t\t\t\t<h2 class=\"elementor-heading-title elementor-size-default\">B-Securit\u00e9 Academy <span style=\"color: #FE7100\">.<\/span><\/h2>\t\t\t\t<\/div>\n\t\t\t\t<\/div>\n\t\t\t\t<div class=\"elementor-element elementor-element-d53166e elementor-widget elementor-widget-text-editor\" data-id=\"d53166e\" data-element_type=\"widget\" data-e-type=\"widget\" data-widget_type=\"text-editor.default\">\n\t\t\t\t<div class=\"elementor-widget-container\">\n\t\t\t\t\t\t\t\t\t<p>B-Securit\u00e9&#8217;s career policy is based on the premise that the employee is the director of his\/her own career. The B-Securit\u00e9 Academy focuses on supporting employee development and mutual co\u00f6peration on the one hand, and on the other hand on development with regard to technology.<\/p>\n\t\t\t\t\t\t\t\t<\/div>\n\t\t\t\t<\/div>\n\t\t\t\t\t<\/div>\n\t\t\t\t<\/div>\n\t\t\t\t\t<\/div>\n\t\t\t\t<\/div>\n\t\t<div class=\"elementor-element elementor-element-490da23 e-flex e-con-boxed elementor-invisible e-con e-parent\" data-id=\"490da23\" data-element_type=\"container\" data-e-type=\"container\" data-settings=\"{&quot;animation&quot;:&quot;fadeInUp&quot;}\">\n\t\t\t\t\t<div class=\"e-con-inner\">\n\t\t<div class=\"elementor-element elementor-element-f994220 e-flex e-con-boxed elementor-invisible e-con e-child\" data-id=\"f994220\" data-element_type=\"container\" data-e-type=\"container\" data-settings=\"{&quot;animation&quot;:&quot;fadeInUp&quot;}\">\n\t\t\t\t\t<div class=\"e-con-inner\">\n\t\t\t\t<div class=\"elementor-element elementor-element-7300ae7 elementor-widget elementor-widget-heading\" data-id=\"7300ae7\" data-element_type=\"widget\" data-e-type=\"widget\" data-widget_type=\"heading.default\">\n\t\t\t\t<div class=\"elementor-widget-container\">\n\t\t\t\t\t<h2 class=\"elementor-heading-title elementor-size-default\">Education, Formation and Training <span style=\"color: #FE7100\">.<\/span><\/h2>\t\t\t\t<\/div>\n\t\t\t\t<\/div>\n\t\t\t\t<div class=\"elementor-element elementor-element-a517405 elementor-widget elementor-widget-text-editor\" data-id=\"a517405\" data-element_type=\"widget\" data-e-type=\"widget\" data-widget_type=\"text-editor.default\">\n\t\t\t\t<div class=\"elementor-widget-container\">\n\t\t\t\t\t\t\t\t\t<p>New employees enrolled in the B-Securit\u00e9 Academy receive what is known as an onboarding introduction program. Practical guidance starts at the beginning of the Career Journey, followed by the incompany level I training MARC-Operator-Basics. This training concludes with the certificate issued by KIWA\/IBEX after the employee successfully passes the exam. The Career Journey goes on where through a level II course MARC-Operator-Advanced the employee continues to grow in his\/her development.<\/p>\n<p>A number of employees function as or promotes to Supervisor, B-Securit\u00e9&#8217;s 24\/7 operational manager. No course will be developed for Supervisors, but we have a mentoring program in the form of workshops. Level II training is also provided for Supervisors.<\/p>\n<p>The result of the investments in this EFT program is to achieve an excellent service for Basic-Fit, where the Security level at Basic-Fit clubs is of a high quality and sustainable nature.<\/p>\n\t\t\t\t\t\t\t\t<\/div>\n\t\t\t\t<\/div>\n\t\t\t\t\t<\/div>\n\t\t\t\t<\/div>\n\t\t\t\t\t<\/div>\n\t\t\t\t<\/div>\n\t\t<div class=\"elementor-element elementor-element-fcd3040 e-flex e-con-boxed elementor-invisible e-con e-parent\" data-id=\"fcd3040\" data-element_type=\"container\" data-e-type=\"container\" data-settings=\"{&quot;animation&quot;:&quot;fadeInUp&quot;}\">\n\t\t\t\t\t<div class=\"e-con-inner\">\n\t\t<div class=\"elementor-element elementor-element-3c1cea1 e-flex e-con-boxed elementor-invisible e-con e-child\" data-id=\"3c1cea1\" data-element_type=\"container\" data-e-type=\"container\" data-settings=\"{&quot;animation&quot;:&quot;fadeInUp&quot;}\">\n\t\t\t\t\t<div class=\"e-con-inner\">\n\t\t\t\t<div class=\"elementor-element elementor-element-41d2a4d elementor-widget elementor-widget-heading\" data-id=\"41d2a4d\" data-element_type=\"widget\" data-e-type=\"widget\" data-widget_type=\"heading.default\">\n\t\t\t\t<div class=\"elementor-widget-container\">\n\t\t\t\t\t<h2 class=\"elementor-heading-title elementor-size-default\">Research &amp; Development program <span style=\"color: #FE7100\">.<\/span><\/h2>\t\t\t\t<\/div>\n\t\t\t\t<\/div>\n\t\t\t\t<div class=\"elementor-element elementor-element-dab0754 elementor-widget elementor-widget-text-editor\" data-id=\"dab0754\" data-element_type=\"widget\" data-e-type=\"widget\" data-widget_type=\"text-editor.default\">\n\t\t\t\t<div class=\"elementor-widget-container\">\n\t\t\t\t\t\t\t\t\t<p>The Development Department consists of the Camera Artificial Intelligence and Device Management Portal departments. The Development Department is in charge of and responsible for B-Securit\u00e9 development and operational management.<\/p>\n<p>B-Securit\u00e9 has its own software development program housed at the B-Securit\u00e9 Academy. In this way, the technical development that takes place in the operational field labs is set up in close coordination with the EFT program, which is also housed in the B-Securit\u00e9 Academy.<\/p>\n\t\t\t\t\t\t\t\t<\/div>\n\t\t\t\t<\/div>\n\t\t\t\t<div class=\"elementor-element elementor-element-a9ddc94 elementor-widget elementor-widget-button\" data-id=\"a9ddc94\" data-element_type=\"widget\" data-e-type=\"widget\" data-widget_type=\"button.default\">\n\t\t\t\t<div class=\"elementor-widget-container\">\n\t\t\t\t\t\t\t\t\t<div class=\"elementor-button-wrapper\">\n\t\t\t\t\t<a class=\"elementor-button elementor-button-link elementor-size-sm\" href=\"#\">\n\t\t\t\t\t\t<span class=\"elementor-button-content-wrapper\">\n\t\t\t\t\t\t\t\t\t<span class=\"elementor-button-text\">Research &amp; Development<\/span>\n\t\t\t\t\t<\/span>\n\t\t\t\t\t<\/a>\n\t\t\t\t<\/div>\n\t\t\t\t\t\t\t\t<\/div>\n\t\t\t\t<\/div>\n\t\t\t\t\t<\/div>\n\t\t\t\t<\/div>\n\t\t\t\t\t<\/div>\n\t\t\t\t<\/div>\n\t\t\t\t<\/div>\n\t\t","protected":false},"excerpt":{"rendered":"<p>B-Securit\u00e9 Academy To provide this quality, B-Securit\u00e9 has its own in-company training whose exam is European certified. This training was internally developed and housed in the B-Securit\u00e9 Academy. B-Security Academy B-Securit\u00e9 was established according to the European Foundation for Quality Management (EFQM) where high quality service is paramount. To provide this quality, B-Securit\u00e9 has its [&hellip;]<\/p>\n","protected":false},"author":1,"featured_media":0,"parent":0,"menu_order":0,"comment_status":"closed","ping_status":"closed","template":"","meta":{"footnotes":""},"class_list":["post-1630","page","type-page","status-publish","hentry"],"yoast_head":"<!-- This site is optimized with the Yoast SEO plugin v27.0 - https:\/\/yoast.com\/product\/yoast-seo-wordpress\/ -->\n<title>B-Securit\u00e9 Academy - Basic-Fit Security<\/title>\n<meta name=\"description\" content=\"To provide quality, B-Securit\u00e9 has its own in-company training: the B-Securit\u00e9 Academy. Improve your skills and boost your career!\" \/>\n<meta name=\"robots\" content=\"index, follow, max-snippet:-1, max-image-preview:large, max-video-preview:-1\" \/>\n<link rel=\"canonical\" href=\"https:\/\/www.b-securite.com\/en\/b-securite-academy-2\/\" \/>\n<meta property=\"og:locale\" content=\"en_US\" \/>\n<meta property=\"og:type\" content=\"article\" \/>\n<meta property=\"og:title\" content=\"B-Securit\u00e9 Academy - Basic-Fit Security\" \/>\n<meta property=\"og:description\" content=\"To provide quality, B-Securit\u00e9 has its own in-company training: the B-Securit\u00e9 Academy. Improve your skills and boost your career!\" \/>\n<meta property=\"og:url\" content=\"https:\/\/www.b-securite.com\/en\/b-securite-academy-2\/\" \/>\n<meta property=\"og:site_name\" content=\"Basic-Fit Security\" \/>\n<meta property=\"article:modified_time\" content=\"2024-07-03T12:48:53+00:00\" \/>\n<meta name=\"twitter:card\" content=\"summary_large_image\" \/>\n<meta name=\"twitter:label1\" content=\"Est. reading time\" \/>\n\t<meta name=\"twitter:data1\" content=\"2 minutes\" \/>\n<script type=\"application\/ld+json\" class=\"yoast-schema-graph\">{\"@context\":\"https:\/\/schema.org\",\"@graph\":[{\"@type\":\"WebPage\",\"@id\":\"https:\/\/www.b-securite.com\/en\/b-securite-academy-2\/\",\"url\":\"https:\/\/www.b-securite.com\/en\/b-securite-academy-2\/\",\"name\":\"B-Securit\u00e9 Academy - Basic-Fit Security\",\"isPartOf\":{\"@id\":\"https:\/\/www.b-securite.com\/#website\"},\"datePublished\":\"2024-02-23T09:03:59+00:00\",\"dateModified\":\"2024-07-03T12:48:53+00:00\",\"description\":\"To provide quality, B-Securit\u00e9 has its own in-company training: the B-Securit\u00e9 Academy. Improve your skills and boost your career!\",\"breadcrumb\":{\"@id\":\"https:\/\/www.b-securite.com\/en\/b-securite-academy-2\/#breadcrumb\"},\"inLanguage\":\"en-US\",\"potentialAction\":[{\"@type\":\"ReadAction\",\"target\":[\"https:\/\/www.b-securite.com\/en\/b-securite-academy-2\/\"]}]},{\"@type\":\"BreadcrumbList\",\"@id\":\"https:\/\/www.b-securite.com\/en\/b-securite-academy-2\/#breadcrumb\",\"itemListElement\":[{\"@type\":\"ListItem\",\"position\":1,\"name\":\"Home\",\"item\":\"https:\/\/www.b-securite.com\/\"},{\"@type\":\"ListItem\",\"position\":2,\"name\":\"B-Securit\u00e9 Academy\"}]},{\"@type\":\"WebSite\",\"@id\":\"https:\/\/www.b-securite.com\/#website\",\"url\":\"https:\/\/www.b-securite.com\/\",\"name\":\"Basic-Fit Security\",\"description\":\"Your safety first\",\"potentialAction\":[{\"@type\":\"SearchAction\",\"target\":{\"@type\":\"EntryPoint\",\"urlTemplate\":\"https:\/\/www.b-securite.com\/?s={search_term_string}\"},\"query-input\":{\"@type\":\"PropertyValueSpecification\",\"valueRequired\":true,\"valueName\":\"search_term_string\"}}],\"inLanguage\":\"en-US\"}]}<\/script>\n<!-- \/ Yoast SEO plugin. -->","yoast_head_json":{"title":"B-Securit\u00e9 Academy - Basic-Fit Security","description":"To provide quality, B-Securit\u00e9 has its own in-company training: the B-Securit\u00e9 Academy. Improve your skills and boost your career!","robots":{"index":"index","follow":"follow","max-snippet":"max-snippet:-1","max-image-preview":"max-image-preview:large","max-video-preview":"max-video-preview:-1"},"canonical":"https:\/\/www.b-securite.com\/en\/b-securite-academy-2\/","og_locale":"en_US","og_type":"article","og_title":"B-Securit\u00e9 Academy - Basic-Fit Security","og_description":"To provide quality, B-Securit\u00e9 has its own in-company training: the B-Securit\u00e9 Academy. Improve your skills and boost your career!","og_url":"https:\/\/www.b-securite.com\/en\/b-securite-academy-2\/","og_site_name":"Basic-Fit Security","article_modified_time":"2024-07-03T12:48:53+00:00","twitter_card":"summary_large_image","twitter_misc":{"Est. reading time":"2 minutes"},"schema":{"@context":"https:\/\/schema.org","@graph":[{"@type":"WebPage","@id":"https:\/\/www.b-securite.com\/en\/b-securite-academy-2\/","url":"https:\/\/www.b-securite.com\/en\/b-securite-academy-2\/","name":"B-Securit\u00e9 Academy - Basic-Fit Security","isPartOf":{"@id":"https:\/\/www.b-securite.com\/#website"},"datePublished":"2024-02-23T09:03:59+00:00","dateModified":"2024-07-03T12:48:53+00:00","description":"To provide quality, B-Securit\u00e9 has its own in-company training: the B-Securit\u00e9 Academy. Improve your skills and boost your career!","breadcrumb":{"@id":"https:\/\/www.b-securite.com\/en\/b-securite-academy-2\/#breadcrumb"},"inLanguage":"en-US","potentialAction":[{"@type":"ReadAction","target":["https:\/\/www.b-securite.com\/en\/b-securite-academy-2\/"]}]},{"@type":"BreadcrumbList","@id":"https:\/\/www.b-securite.com\/en\/b-securite-academy-2\/#breadcrumb","itemListElement":[{"@type":"ListItem","position":1,"name":"Home","item":"https:\/\/www.b-securite.com\/"},{"@type":"ListItem","position":2,"name":"B-Securit\u00e9 Academy"}]},{"@type":"WebSite","@id":"https:\/\/www.b-securite.com\/#website","url":"https:\/\/www.b-securite.com\/","name":"Basic-Fit Security","description":"Your safety first","potentialAction":[{"@type":"SearchAction","target":{"@type":"EntryPoint","urlTemplate":"https:\/\/www.b-securite.com\/?s={search_term_string}"},"query-input":{"@type":"PropertyValueSpecification","valueRequired":true,"valueName":"search_term_string"}}],"inLanguage":"en-US"}]}},"_links":{"self":[{"href":"https:\/\/www.b-securite.com\/en\/wp-json\/wp\/v2\/pages\/1630","targetHints":{"allow":["GET"]}}],"collection":[{"href":"https:\/\/www.b-securite.com\/en\/wp-json\/wp\/v2\/pages"}],"about":[{"href":"https:\/\/www.b-securite.com\/en\/wp-json\/wp\/v2\/types\/page"}],"author":[{"embeddable":true,"href":"https:\/\/www.b-securite.com\/en\/wp-json\/wp\/v2\/users\/1"}],"replies":[{"embeddable":true,"href":"https:\/\/www.b-securite.com\/en\/wp-json\/wp\/v2\/comments?post=1630"}],"version-history":[{"count":12,"href":"https:\/\/www.b-securite.com\/en\/wp-json\/wp\/v2\/pages\/1630\/revisions"}],"predecessor-version":[{"id":2356,"href":"https:\/\/www.b-securite.com\/en\/wp-json\/wp\/v2\/pages\/1630\/revisions\/2356"}],"wp:attachment":[{"href":"https:\/\/www.b-securite.com\/en\/wp-json\/wp\/v2\/media?parent=1630"}],"curies":[{"name":"wp","href":"https:\/\/api.w.org\/{rel}","templated":true}]}}