{"id":2250,"date":"2024-02-23T09:03:59","date_gmt":"2024-02-23T09:03:59","guid":{"rendered":"https:\/\/www.b-securite.com\/academia-b-securite\/"},"modified":"2024-07-03T12:48:53","modified_gmt":"2024-07-03T12:48:53","slug":"academia-b-securite","status":"publish","type":"page","link":"https:\/\/www.b-securite.com\/es\/academia-b-securite\/","title":{"rendered":"Academia B-Securit\u00e9"},"content":{"rendered":"\t\t<div data-elementor-type=\"wp-page\" data-elementor-id=\"2250\" class=\"elementor elementor-2250 elementor-1094\" data-elementor-post-type=\"page\">\n\t\t\t\t<div class=\"elementor-element elementor-element-2fb10dc e-con-full elementor-hidden-mobile e-flex e-con e-parent\" data-id=\"2fb10dc\" data-element_type=\"container\" data-e-type=\"container\" data-settings=\"{&quot;background_background&quot;:&quot;classic&quot;}\">\n\t\t<div class=\"elementor-element elementor-element-b55a7d1 e-flex e-con-boxed e-con e-child\" data-id=\"b55a7d1\" data-element_type=\"container\" data-e-type=\"container\" data-settings=\"{&quot;background_background&quot;:&quot;classic&quot;}\">\n\t\t\t\t\t<div class=\"e-con-inner\">\n\t\t\t\t<div class=\"elementor-element elementor-element-551f360 elementor-invisible elementor-widget elementor-widget-heading\" data-id=\"551f360\" data-element_type=\"widget\" data-e-type=\"widget\" data-settings=\"{&quot;_animation&quot;:&quot;fadeIn&quot;}\" data-widget_type=\"heading.default\">\n\t\t\t\t<div class=\"elementor-widget-container\">\n\t\t\t\t\t<h1 class=\"elementor-heading-title elementor-size-default\">Academia B-Securit\u00e9<\/h1>\t\t\t\t<\/div>\n\t\t\t\t<\/div>\n\t\t\t\t<div class=\"elementor-element elementor-element-b12675c elementor-widget__width-initial elementor-invisible elementor-widget elementor-widget-text-editor\" data-id=\"b12675c\" data-element_type=\"widget\" data-e-type=\"widget\" data-settings=\"{&quot;_animation&quot;:&quot;fadeIn&quot;,&quot;_animation_delay&quot;:200}\" data-widget_type=\"text-editor.default\">\n\t\t\t\t<div class=\"elementor-widget-container\">\n\t\t\t\t\t\t\t\t\t<p>Para ofrecer esta calidad, B-Securit\u00e9 dispone de su propio curso en la empresa cuyo examen cuenta con certificaci\u00f3n europea. Esta formaci\u00f3n se desarroll\u00f3 internamente y se aloj\u00f3 en la B-Securit\u00e9 Academy.<\/p>\n\t\t\t\t\t\t\t\t<\/div>\n\t\t\t\t<\/div>\n\t\t\t\t\t<\/div>\n\t\t\t\t<\/div>\n\t\t\t\t<\/div>\n\t\t<div class=\"elementor-element elementor-element-5c844bd elementor-hidden-desktop elementor-hidden-tablet e-flex e-con-boxed e-con e-parent\" data-id=\"5c844bd\" data-element_type=\"container\" data-e-type=\"container\" data-settings=\"{&quot;background_background&quot;:&quot;classic&quot;}\">\n\t\t\t\t\t<div class=\"e-con-inner\">\n\t\t\t\t<div class=\"elementor-element elementor-element-7935ac2 elementor-invisible elementor-widget elementor-widget-heading\" data-id=\"7935ac2\" data-element_type=\"widget\" data-e-type=\"widget\" data-settings=\"{&quot;_animation&quot;:&quot;fadeIn&quot;}\" data-widget_type=\"heading.default\">\n\t\t\t\t<div class=\"elementor-widget-container\">\n\t\t\t\t\t<h1 class=\"elementor-heading-title elementor-size-default\">Academia B-Securit\u00e9<\/h1>\t\t\t\t<\/div>\n\t\t\t\t<\/div>\n\t\t\t\t<div class=\"elementor-element elementor-element-6af7def elementor-widget__width-initial elementor-invisible elementor-widget elementor-widget-text-editor\" data-id=\"6af7def\" data-element_type=\"widget\" data-e-type=\"widget\" data-settings=\"{&quot;_animation&quot;:&quot;fadeIn&quot;,&quot;_animation_delay&quot;:200}\" data-widget_type=\"text-editor.default\">\n\t\t\t\t<div class=\"elementor-widget-container\">\n\t\t\t\t\t\t\t\t\t<p>B-Securit\u00e9 se ha establecido de acuerdo con la Fundaci\u00f3n Europea para la Gesti\u00f3n de la Calidad (EFQM), en la que prima un servicio de alta calidad. Para ofrecer esta calidad, B-Securit\u00e9 dispone de su propio curso en la empresa cuyo examen cuenta con certificaci\u00f3n europea. Esta formaci\u00f3n se desarroll\u00f3 internamente y se aloj\u00f3 en la B-Securit\u00e9 Academy.<\/p>\n\t\t\t\t\t\t\t\t<\/div>\n\t\t\t\t<\/div>\n\t\t\t\t\t<\/div>\n\t\t\t\t<\/div>\n\t\t<div class=\"elementor-element elementor-element-582a5b2 e-flex e-con-boxed elementor-invisible e-con e-parent\" data-id=\"582a5b2\" data-element_type=\"container\" data-e-type=\"container\" data-settings=\"{&quot;animation&quot;:&quot;fadeInUp&quot;}\">\n\t\t\t\t\t<div class=\"e-con-inner\">\n\t\t<div class=\"elementor-element elementor-element-aa57d41 e-flex e-con-boxed elementor-invisible e-con e-child\" data-id=\"aa57d41\" data-element_type=\"container\" data-e-type=\"container\" data-settings=\"{&quot;animation&quot;:&quot;fadeInUp&quot;}\">\n\t\t\t\t\t<div class=\"e-con-inner\">\n\t\t\t\t<div class=\"elementor-element elementor-element-0f61558 elementor-widget elementor-widget-heading\" data-id=\"0f61558\" data-element_type=\"widget\" data-e-type=\"widget\" data-widget_type=\"heading.default\">\n\t\t\t\t<div class=\"elementor-widget-container\">\n\t\t\t\t\t<h2 class=\"elementor-heading-title elementor-size-default\">Academia B-Securit\u00e9<span style=\"color: #FE7100\">.<\/span><\/h2>\t\t\t\t<\/div>\n\t\t\t\t<\/div>\n\t\t\t\t<div class=\"elementor-element elementor-element-d53166e elementor-widget elementor-widget-text-editor\" data-id=\"d53166e\" data-element_type=\"widget\" data-e-type=\"widget\" data-widget_type=\"text-editor.default\">\n\t\t\t\t<div class=\"elementor-widget-container\">\n\t\t\t\t\t\t\t\t\t<p>La pol\u00edtica de carrera de B-Securit\u00e9 se basa en el principio de que el empleado es director de su propia carrera. La B-Securit\u00e9 Academy se centra en apoyar el desarrollo de los empleados y la cooperaci\u00f3n mutua, por un lado, y el desarrollo tecnol\u00f3gico, por otro.<\/p>\n\t\t\t\t\t\t\t\t<\/div>\n\t\t\t\t<\/div>\n\t\t\t\t\t<\/div>\n\t\t\t\t<\/div>\n\t\t\t\t\t<\/div>\n\t\t\t\t<\/div>\n\t\t<div class=\"elementor-element elementor-element-490da23 e-flex e-con-boxed elementor-invisible e-con e-parent\" data-id=\"490da23\" data-element_type=\"container\" data-e-type=\"container\" data-settings=\"{&quot;animation&quot;:&quot;fadeInUp&quot;}\">\n\t\t\t\t\t<div class=\"e-con-inner\">\n\t\t<div class=\"elementor-element elementor-element-f994220 e-flex e-con-boxed elementor-invisible e-con e-child\" data-id=\"f994220\" data-element_type=\"container\" data-e-type=\"container\" data-settings=\"{&quot;animation&quot;:&quot;fadeInUp&quot;}\">\n\t\t\t\t\t<div class=\"e-con-inner\">\n\t\t\t\t<div class=\"elementor-element elementor-element-7300ae7 elementor-widget elementor-widget-heading\" data-id=\"7300ae7\" data-element_type=\"widget\" data-e-type=\"widget\" data-widget_type=\"heading.default\">\n\t\t\t\t<div class=\"elementor-widget-container\">\n\t\t\t\t\t<h2 class=\"elementor-heading-title elementor-size-default\">Educaci\u00f3n, ense\u00f1anza y formaci\u00f3n<span style=\"color: #FE7100\">.<\/span><\/h2>\t\t\t\t<\/div>\n\t\t\t\t<\/div>\n\t\t\t\t<div class=\"elementor-element elementor-element-a517405 elementor-widget elementor-widget-text-editor\" data-id=\"a517405\" data-element_type=\"widget\" data-e-type=\"widget\" data-widget_type=\"text-editor.default\">\n\t\t\t\t<div class=\"elementor-widget-container\">\n\t\t\t\t\t\t\t\t\t<p>Los nuevos empleados que se inscriben en la B-Securit\u00e9 Academy reciben un programa de introducci\u00f3n denominado onboarding. A continuaci\u00f3n, se inicia la orientaci\u00f3n pr\u00e1ctica al comienzo de la carrera profesional, seguida de la formaci\u00f3n de nivel I MARC-Operador-B\u00e1sico. Esta formaci\u00f3n concluye con el certificado expedido por KIWA\/IBEX una vez que el empleado supera con \u00e9xito el examen. La Trayectoria Profesional contin\u00faa mediante un curso de nivel II MARC-Operador-Avanzado, en el que el empleado sigue creciendo en su desarrollo.<\/p>\n<p>Varios empleados funcionan como Supervisor, el responsable operativo 24\/7 de B-Securit\u00e9, o llegan a serlo. No se desarrollar\u00e1 ning\u00fan curso para supervisores, pero contamos con un programa de tutor\u00eda en forma de talleres. Tambi\u00e9n se imparte formaci\u00f3n de nivel II para supervisores.<\/p>\n<p>El resultado de las inversiones en este programa de OVT es la consecuci\u00f3n de un servicio excelente para Basic-Fit, con un nivel de seguridad en los clubes Basic-Fit de alta calidad y de car\u00e1cter sostenible.<\/p>\n\t\t\t\t\t\t\t\t<\/div>\n\t\t\t\t<\/div>\n\t\t\t\t\t<\/div>\n\t\t\t\t<\/div>\n\t\t\t\t\t<\/div>\n\t\t\t\t<\/div>\n\t\t<div class=\"elementor-element elementor-element-fcd3040 e-flex e-con-boxed elementor-invisible e-con e-parent\" data-id=\"fcd3040\" data-element_type=\"container\" data-e-type=\"container\" data-settings=\"{&quot;animation&quot;:&quot;fadeInUp&quot;}\">\n\t\t\t\t\t<div class=\"e-con-inner\">\n\t\t<div class=\"elementor-element elementor-element-3c1cea1 e-flex e-con-boxed elementor-invisible e-con e-child\" data-id=\"3c1cea1\" data-element_type=\"container\" data-e-type=\"container\" data-settings=\"{&quot;animation&quot;:&quot;fadeInUp&quot;}\">\n\t\t\t\t\t<div class=\"e-con-inner\">\n\t\t\t\t<div class=\"elementor-element elementor-element-41d2a4d elementor-widget elementor-widget-heading\" data-id=\"41d2a4d\" data-element_type=\"widget\" data-e-type=\"widget\" data-widget_type=\"heading.default\">\n\t\t\t\t<div class=\"elementor-widget-container\">\n\t\t\t\t\t<h2 class=\"elementor-heading-title elementor-size-default\">Programa de investigaci\u00f3n y desarrollo<span style=\"color: #FE7100\">.<\/span><\/h2>\t\t\t\t<\/div>\n\t\t\t\t<\/div>\n\t\t\t\t<div class=\"elementor-element elementor-element-dab0754 elementor-widget elementor-widget-text-editor\" data-id=\"dab0754\" data-element_type=\"widget\" data-e-type=\"widget\" data-widget_type=\"text-editor.default\">\n\t\t\t\t<div class=\"elementor-widget-container\">\n\t\t\t\t\t\t\t\t\t<p>El departamento de Desarrollo est\u00e1 formado por los departamentos de Inteligencia Artificial de la C\u00e1mara y Portal de Gesti\u00f3n de Dispositivos. El departamento de Desarrollo se encarga y es responsable del desarrollo y la gesti\u00f3n operativa de B-Securit\u00e9.<\/p>\n<p>B-Securit\u00e9 cuenta con su propio programa de desarrollo de software, alojado en la B-Securit\u00e9 Academy. De este modo, el desarrollo t\u00e9cnico que tiene lugar en los laboratorios operativos de campo se establece en estrecha coordinaci\u00f3n con el programa OVT, que tambi\u00e9n se aloja en la B-Securit\u00e9 Academy.<\/p>\n\t\t\t\t\t\t\t\t<\/div>\n\t\t\t\t<\/div>\n\t\t\t\t<div class=\"elementor-element elementor-element-a9ddc94 elementor-widget elementor-widget-button\" data-id=\"a9ddc94\" data-element_type=\"widget\" data-e-type=\"widget\" data-widget_type=\"button.default\">\n\t\t\t\t<div class=\"elementor-widget-container\">\n\t\t\t\t\t\t\t\t\t<div class=\"elementor-button-wrapper\">\n\t\t\t\t\t<a class=\"elementor-button elementor-button-link elementor-size-sm\" href=\"#\">\n\t\t\t\t\t\t<span class=\"elementor-button-content-wrapper\">\n\t\t\t\t\t\t\t\t\t<span class=\"elementor-button-text\">Investigaci\u00f3n y desarrollo<\/span>\n\t\t\t\t\t<\/span>\n\t\t\t\t\t<\/a>\n\t\t\t\t<\/div>\n\t\t\t\t\t\t\t\t<\/div>\n\t\t\t\t<\/div>\n\t\t\t\t\t<\/div>\n\t\t\t\t<\/div>\n\t\t\t\t\t<\/div>\n\t\t\t\t<\/div>\n\t\t\t\t<\/div>\n\t\t","protected":false},"excerpt":{"rendered":"<p>Academia B-Securit\u00e9 Para ofrecer esta calidad, B-Securit\u00e9 dispone de su propio curso en la empresa cuyo examen cuenta con certificaci\u00f3n europea. Esta formaci\u00f3n se desarroll\u00f3 internamente y se aloj\u00f3 en la B-Securit\u00e9 Academy. Academia B-Securit\u00e9 B-Securit\u00e9 se ha establecido de acuerdo con la Fundaci\u00f3n Europea para la Gesti\u00f3n de la Calidad (EFQM), en la que [&hellip;]<\/p>\n","protected":false},"author":1,"featured_media":0,"parent":0,"menu_order":0,"comment_status":"closed","ping_status":"closed","template":"","meta":{"footnotes":""},"class_list":["post-2250","page","type-page","status-publish","hentry"],"yoast_head":"<!-- This site is optimized with the Yoast SEO plugin v27.0 - https:\/\/yoast.com\/product\/yoast-seo-wordpress\/ -->\n<title>Academia B-Securit\u00e9 - Basic-Fit Security<\/title>\n<meta name=\"description\" content=\"Para ofrecer calidad, B-Securit\u00e9 cuenta con su propia formaci\u00f3n en la empresa: la B-Securit\u00e9 Academy. Mejore sus competencias e impulse su carrera.\" \/>\n<meta name=\"robots\" content=\"index, follow, max-snippet:-1, max-image-preview:large, max-video-preview:-1\" \/>\n<link rel=\"canonical\" href=\"https:\/\/www.b-securite.com\/es\/academia-b-securite\/\" \/>\n<meta property=\"og:locale\" content=\"es_ES\" \/>\n<meta property=\"og:type\" content=\"article\" \/>\n<meta property=\"og:title\" content=\"Academia B-Securit\u00e9 - Basic-Fit Security\" \/>\n<meta property=\"og:description\" content=\"Para ofrecer calidad, B-Securit\u00e9 cuenta con su propia formaci\u00f3n en la empresa: la B-Securit\u00e9 Academy. Mejore sus competencias e impulse su carrera.\" \/>\n<meta property=\"og:url\" content=\"https:\/\/www.b-securite.com\/es\/academia-b-securite\/\" \/>\n<meta property=\"og:site_name\" content=\"Basic-Fit Security\" \/>\n<meta property=\"article:modified_time\" content=\"2024-07-03T12:48:53+00:00\" \/>\n<meta name=\"twitter:card\" content=\"summary_large_image\" \/>\n<meta name=\"twitter:label1\" content=\"Tiempo de lectura\" \/>\n\t<meta name=\"twitter:data1\" content=\"2 minutos\" \/>\n<script type=\"application\/ld+json\" class=\"yoast-schema-graph\">{\"@context\":\"https:\/\/schema.org\",\"@graph\":[{\"@type\":\"WebPage\",\"@id\":\"https:\/\/www.b-securite.com\/es\/academia-b-securite\/\",\"url\":\"https:\/\/www.b-securite.com\/es\/academia-b-securite\/\",\"name\":\"Academia B-Securit\u00e9 - Basic-Fit Security\",\"isPartOf\":{\"@id\":\"https:\/\/www.b-securite.com\/#website\"},\"datePublished\":\"2024-02-23T09:03:59+00:00\",\"dateModified\":\"2024-07-03T12:48:53+00:00\",\"description\":\"Para ofrecer calidad, B-Securit\u00e9 cuenta con su propia formaci\u00f3n en la empresa: la B-Securit\u00e9 Academy. Mejore sus competencias e impulse su carrera.\",\"breadcrumb\":{\"@id\":\"https:\/\/www.b-securite.com\/es\/academia-b-securite\/#breadcrumb\"},\"inLanguage\":\"es\",\"potentialAction\":[{\"@type\":\"ReadAction\",\"target\":[\"https:\/\/www.b-securite.com\/es\/academia-b-securite\/\"]}]},{\"@type\":\"BreadcrumbList\",\"@id\":\"https:\/\/www.b-securite.com\/es\/academia-b-securite\/#breadcrumb\",\"itemListElement\":[{\"@type\":\"ListItem\",\"position\":1,\"name\":\"Home\",\"item\":\"https:\/\/www.b-securite.com\/es\/\"},{\"@type\":\"ListItem\",\"position\":2,\"name\":\"Academia B-Securit\u00e9\"}]},{\"@type\":\"WebSite\",\"@id\":\"https:\/\/www.b-securite.com\/#website\",\"url\":\"https:\/\/www.b-securite.com\/\",\"name\":\"Basic-Fit Security\",\"description\":\"Your safety first\",\"potentialAction\":[{\"@type\":\"SearchAction\",\"target\":{\"@type\":\"EntryPoint\",\"urlTemplate\":\"https:\/\/www.b-securite.com\/?s={search_term_string}\"},\"query-input\":{\"@type\":\"PropertyValueSpecification\",\"valueRequired\":true,\"valueName\":\"search_term_string\"}}],\"inLanguage\":\"es\"}]}<\/script>\n<!-- \/ Yoast SEO plugin. -->","yoast_head_json":{"title":"Academia B-Securit\u00e9 - Basic-Fit Security","description":"Para ofrecer calidad, B-Securit\u00e9 cuenta con su propia formaci\u00f3n en la empresa: la B-Securit\u00e9 Academy. Mejore sus competencias e impulse su carrera.","robots":{"index":"index","follow":"follow","max-snippet":"max-snippet:-1","max-image-preview":"max-image-preview:large","max-video-preview":"max-video-preview:-1"},"canonical":"https:\/\/www.b-securite.com\/es\/academia-b-securite\/","og_locale":"es_ES","og_type":"article","og_title":"Academia B-Securit\u00e9 - Basic-Fit Security","og_description":"Para ofrecer calidad, B-Securit\u00e9 cuenta con su propia formaci\u00f3n en la empresa: la B-Securit\u00e9 Academy. Mejore sus competencias e impulse su carrera.","og_url":"https:\/\/www.b-securite.com\/es\/academia-b-securite\/","og_site_name":"Basic-Fit Security","article_modified_time":"2024-07-03T12:48:53+00:00","twitter_card":"summary_large_image","twitter_misc":{"Tiempo de lectura":"2 minutos"},"schema":{"@context":"https:\/\/schema.org","@graph":[{"@type":"WebPage","@id":"https:\/\/www.b-securite.com\/es\/academia-b-securite\/","url":"https:\/\/www.b-securite.com\/es\/academia-b-securite\/","name":"Academia B-Securit\u00e9 - Basic-Fit Security","isPartOf":{"@id":"https:\/\/www.b-securite.com\/#website"},"datePublished":"2024-02-23T09:03:59+00:00","dateModified":"2024-07-03T12:48:53+00:00","description":"Para ofrecer calidad, B-Securit\u00e9 cuenta con su propia formaci\u00f3n en la empresa: la B-Securit\u00e9 Academy. Mejore sus competencias e impulse su carrera.","breadcrumb":{"@id":"https:\/\/www.b-securite.com\/es\/academia-b-securite\/#breadcrumb"},"inLanguage":"es","potentialAction":[{"@type":"ReadAction","target":["https:\/\/www.b-securite.com\/es\/academia-b-securite\/"]}]},{"@type":"BreadcrumbList","@id":"https:\/\/www.b-securite.com\/es\/academia-b-securite\/#breadcrumb","itemListElement":[{"@type":"ListItem","position":1,"name":"Home","item":"https:\/\/www.b-securite.com\/es\/"},{"@type":"ListItem","position":2,"name":"Academia B-Securit\u00e9"}]},{"@type":"WebSite","@id":"https:\/\/www.b-securite.com\/#website","url":"https:\/\/www.b-securite.com\/","name":"Basic-Fit Security","description":"Your safety first","potentialAction":[{"@type":"SearchAction","target":{"@type":"EntryPoint","urlTemplate":"https:\/\/www.b-securite.com\/?s={search_term_string}"},"query-input":{"@type":"PropertyValueSpecification","valueRequired":true,"valueName":"search_term_string"}}],"inLanguage":"es"}]}},"_links":{"self":[{"href":"https:\/\/www.b-securite.com\/es\/wp-json\/wp\/v2\/pages\/2250","targetHints":{"allow":["GET"]}}],"collection":[{"href":"https:\/\/www.b-securite.com\/es\/wp-json\/wp\/v2\/pages"}],"about":[{"href":"https:\/\/www.b-securite.com\/es\/wp-json\/wp\/v2\/types\/page"}],"author":[{"embeddable":true,"href":"https:\/\/www.b-securite.com\/es\/wp-json\/wp\/v2\/users\/1"}],"replies":[{"embeddable":true,"href":"https:\/\/www.b-securite.com\/es\/wp-json\/wp\/v2\/comments?post=2250"}],"version-history":[{"count":4,"href":"https:\/\/www.b-securite.com\/es\/wp-json\/wp\/v2\/pages\/2250\/revisions"}],"predecessor-version":[{"id":2350,"href":"https:\/\/www.b-securite.com\/es\/wp-json\/wp\/v2\/pages\/2250\/revisions\/2350"}],"wp:attachment":[{"href":"https:\/\/www.b-securite.com\/es\/wp-json\/wp\/v2\/media?parent=2250"}],"curies":[{"name":"wp","href":"https:\/\/api.w.org\/{rel}","templated":true}]}}