{"id":2295,"date":"2024-02-16T08:45:56","date_gmt":"2024-02-16T08:45:56","guid":{"rendered":"https:\/\/www.b-securite.com\/acerca-de-b-security\/"},"modified":"2024-07-03T14:30:39","modified_gmt":"2024-07-03T14:30:39","slug":"acerca-de-b-security","status":"publish","type":"page","link":"https:\/\/www.b-securite.com\/es\/acerca-de-b-security\/","title":{"rendered":"Acerca de B-Securit\u00e9"},"content":{"rendered":"\t\t<div data-elementor-type=\"wp-page\" data-elementor-id=\"2295\" class=\"elementor elementor-2295 elementor-334\" data-elementor-post-type=\"page\">\n\t\t\t\t<div class=\"elementor-element elementor-element-4b9ef66 e-con-full elementor-hidden-mobile e-flex e-con e-parent\" data-id=\"4b9ef66\" data-element_type=\"container\" data-e-type=\"container\" data-settings=\"{&quot;background_background&quot;:&quot;classic&quot;}\">\n\t\t<div class=\"elementor-element elementor-element-ab0a494 e-flex e-con-boxed e-con e-child\" data-id=\"ab0a494\" data-element_type=\"container\" data-e-type=\"container\" data-settings=\"{&quot;background_background&quot;:&quot;classic&quot;}\">\n\t\t\t\t\t<div class=\"e-con-inner\">\n\t\t\t\t<div class=\"elementor-element elementor-element-383f6db elementor-invisible elementor-widget elementor-widget-heading\" data-id=\"383f6db\" data-element_type=\"widget\" data-e-type=\"widget\" data-settings=\"{&quot;_animation&quot;:&quot;fadeIn&quot;}\" data-widget_type=\"heading.default\">\n\t\t\t\t<div class=\"elementor-widget-container\">\n\t\t\t\t\t<h1 class=\"elementor-heading-title elementor-size-default\">Acerca de B-Securit\u00e9<\/h1>\t\t\t\t<\/div>\n\t\t\t\t<\/div>\n\t\t\t\t<div class=\"elementor-element elementor-element-29e5f37 elementor-widget__width-initial elementor-invisible elementor-widget elementor-widget-text-editor\" data-id=\"29e5f37\" data-element_type=\"widget\" data-e-type=\"widget\" data-settings=\"{&quot;_animation&quot;:&quot;fadeIn&quot;,&quot;_animation_delay&quot;:200}\" data-widget_type=\"text-editor.default\">\n\t\t\t\t<div class=\"elementor-widget-container\">\n\t\t\t\t\t\t\t\t\t<p>B-Securit\u00e9 es una Central Receptora de Alarmas (CRA) dotada de infraestructuras de alta tecnolog\u00eda, como c\u00e1maras inteligentes, detecci\u00f3n y tecnolog\u00eda de comunicaci\u00f3n. Al reunir una infraestructura de alta tecnolog\u00eda y conocimientos de alta calidad combinados con personas, B-Securit\u00e9 consigue marcar la diferencia con la \u00abseguridad a distancia\u00bb una y otra vez.<\/p>\n\t\t\t\t\t\t\t\t<\/div>\n\t\t\t\t<\/div>\n\t\t\t\t\t<\/div>\n\t\t\t\t<\/div>\n\t\t\t\t<\/div>\n\t\t<div class=\"elementor-element elementor-element-d00dafd elementor-hidden-desktop elementor-hidden-tablet e-flex e-con-boxed e-con e-parent\" data-id=\"d00dafd\" data-element_type=\"container\" data-e-type=\"container\" data-settings=\"{&quot;background_background&quot;:&quot;classic&quot;}\">\n\t\t\t\t\t<div class=\"e-con-inner\">\n\t\t\t\t<div class=\"elementor-element elementor-element-7b0da1d elementor-invisible elementor-widget elementor-widget-heading\" data-id=\"7b0da1d\" data-element_type=\"widget\" data-e-type=\"widget\" data-settings=\"{&quot;_animation&quot;:&quot;fadeIn&quot;}\" data-widget_type=\"heading.default\">\n\t\t\t\t<div class=\"elementor-widget-container\">\n\t\t\t\t\t<h1 class=\"elementor-heading-title elementor-size-default\">Acerca de B-Securit\u00e9<\/h1>\t\t\t\t<\/div>\n\t\t\t\t<\/div>\n\t\t\t\t<div class=\"elementor-element elementor-element-a6ebc8a elementor-widget__width-initial elementor-invisible elementor-widget elementor-widget-text-editor\" data-id=\"a6ebc8a\" data-element_type=\"widget\" data-e-type=\"widget\" data-settings=\"{&quot;_animation&quot;:&quot;fadeIn&quot;,&quot;_animation_delay&quot;:200}\" data-widget_type=\"text-editor.default\">\n\t\t\t\t<div class=\"elementor-widget-container\">\n\t\t\t\t\t\t\t\t\t<p>La sociedad que nos rodea cambia constantemente y tambi\u00e9n lo hacen los puntos de vista de los ciudadanos de esa sociedad.<br \/>Seguir la evoluci\u00f3n tecnol\u00f3gica y social.<\/p>\n\t\t\t\t\t\t\t\t<\/div>\n\t\t\t\t<\/div>\n\t\t\t\t\t<\/div>\n\t\t\t\t<\/div>\n\t\t<div class=\"elementor-element elementor-element-169afd6 e-flex e-con-boxed e-con e-parent\" data-id=\"169afd6\" data-element_type=\"container\" data-e-type=\"container\" data-settings=\"{&quot;background_background&quot;:&quot;classic&quot;}\">\n\t\t\t\t\t<div class=\"e-con-inner\">\n\t\t<div class=\"elementor-element elementor-element-6bbed7a e-con-full e-flex elementor-invisible e-con e-child\" data-id=\"6bbed7a\" data-element_type=\"container\" data-e-type=\"container\" data-settings=\"{&quot;animation&quot;:&quot;fadeInUp&quot;,&quot;animation_delay&quot;:600}\">\n\t\t\t\t<div class=\"elementor-element elementor-element-6517089 elementor-widget elementor-widget-heading\" data-id=\"6517089\" data-element_type=\"widget\" data-e-type=\"widget\" data-widget_type=\"heading.default\">\n\t\t\t\t<div class=\"elementor-widget-container\">\n\t\t\t\t\t<h2 class=\"elementor-heading-title elementor-size-default\">Nuestra creaci\u00f3n de valor<span style=\"color: #FE7100\">.<\/span><\/h2>\t\t\t\t<\/div>\n\t\t\t\t<\/div>\n\t\t\t\t<div class=\"elementor-element elementor-element-f4396a9 elementor-widget elementor-widget-text-editor\" data-id=\"f4396a9\" data-element_type=\"widget\" data-e-type=\"widget\" data-widget_type=\"text-editor.default\">\n\t\t\t\t<div class=\"elementor-widget-container\">\n\t\t\t\t\t\t\t\t\t<p>Utilizando el enfoque de la Fundaci\u00f3n Europea para la Gesti\u00f3n de la Calidad (EFQM), B-Securit\u00e9 hace hincapi\u00e9 en la importancia de la creaci\u00f3n de valor, es decir, en su raz\u00f3n de ser, mediante el desarrollo y la aplicaci\u00f3n de estrategias \u00e1giles y con visi\u00f3n de futuro. Para ello, la satisfacci\u00f3n de la organizaci\u00f3n Basic-Fit es primordial, con la vista puesta en el bienestar de los empleados y miembros de Basic-Fit y en los saludables resultados operativos de la propia B-Securit\u00e9.<\/p>\n<p>B-Securit\u00e9 considera en parte el enfoque EFQM como un cambio cultural innovador de la \u00abvieja\u00bb cultura de la seguridad. Los ejecutivos se abren y se \u00abreflejan\u00bb constantemente en la eficacia del trabajo. De este modo, B-Securit\u00e9 se mantiene fiel a su objetivo de alcanzar la excelencia en el servicio mediante la colaboraci\u00f3n y el trabajo en equipo. <\/p>\n\t\t\t\t\t\t\t\t<\/div>\n\t\t\t\t<\/div>\n\t\t\t\t<\/div>\n\t\t<div class=\"elementor-element elementor-element-104b1cd e-con-full e-flex elementor-invisible e-con e-child\" data-id=\"104b1cd\" data-element_type=\"container\" data-e-type=\"container\" data-settings=\"{&quot;animation&quot;:&quot;fadeInUp&quot;,&quot;animation_delay&quot;:600}\">\n\t\t\t\t<div class=\"elementor-element elementor-element-1c5900f elementor-widget__width-initial elementor-widget elementor-widget-image\" data-id=\"1c5900f\" data-element_type=\"widget\" data-e-type=\"widget\" data-widget_type=\"image.default\">\n\t\t\t\t<div class=\"elementor-widget-container\">\n\t\t\t\t\t\t\t\t\t\t\t\t\t\t\t<img fetchpriority=\"high\" decoding=\"async\" width=\"724\" height=\"1024\" src=\"https:\/\/www.b-securite.com\/wp-content\/uploads\/2024\/03\/Werkveld-1-724x1024.png\" class=\"attachment-large size-large wp-image-2302\" alt=\"\" srcset=\"https:\/\/www.b-securite.com\/wp-content\/uploads\/2024\/03\/Werkveld-1-724x1024.png 724w, https:\/\/www.b-securite.com\/wp-content\/uploads\/2024\/03\/Werkveld-1-212x300.png 212w, https:\/\/www.b-securite.com\/wp-content\/uploads\/2024\/03\/Werkveld-1-768x1086.png 768w, https:\/\/www.b-securite.com\/wp-content\/uploads\/2024\/03\/Werkveld-1-1086x1536.png 1086w, https:\/\/www.b-securite.com\/wp-content\/uploads\/2024\/03\/Werkveld-1-1448x2048.png 1448w, https:\/\/www.b-securite.com\/wp-content\/uploads\/2024\/03\/Werkveld-1.png 1587w\" sizes=\"(max-width: 724px) 100vw, 724px\" \/>\t\t\t\t\t\t\t\t\t\t\t\t\t\t\t<\/div>\n\t\t\t\t<\/div>\n\t\t\t\t<\/div>\n\t\t\t\t\t<\/div>\n\t\t\t\t<\/div>\n\t\t<div class=\"elementor-element elementor-element-1aa4e42 animated-fast e-flex e-con-boxed elementor-invisible e-con e-parent\" data-id=\"1aa4e42\" data-element_type=\"container\" data-e-type=\"container\" data-settings=\"{&quot;animation&quot;:&quot;fadeInLeft&quot;}\">\n\t\t\t\t\t<div class=\"e-con-inner\">\n\t\t<div class=\"elementor-element elementor-element-9e048cc e-con-full e-flex e-con e-child\" data-id=\"9e048cc\" data-element_type=\"container\" data-e-type=\"container\">\n\t\t\t\t<div class=\"elementor-element elementor-element-51c9b6d elementor-widget__width-initial elementor-widget elementor-widget-heading\" data-id=\"51c9b6d\" data-element_type=\"widget\" data-e-type=\"widget\" data-widget_type=\"heading.default\">\n\t\t\t\t<div class=\"elementor-widget-container\">\n\t\t\t\t\t<h3 class=\"elementor-heading-title elementor-size-default\">El enfoque B-Securit\u00e9<span style=\"color: #FE7100\">.<\/span><\/h3>\t\t\t\t<\/div>\n\t\t\t\t<\/div>\n\t\t<div class=\"elementor-element elementor-element-e46799a e-con-full e-flex e-con e-child\" data-id=\"e46799a\" data-element_type=\"container\" data-e-type=\"container\">\n\t\t\t\t<div class=\"elementor-element elementor-element-d8074a6 elementor-widget__width-initial elementor-widget-mobile__width-initial elementor-widget elementor-widget-image\" data-id=\"d8074a6\" data-element_type=\"widget\" data-e-type=\"widget\" data-widget_type=\"image.default\">\n\t\t\t\t<div class=\"elementor-widget-container\">\n\t\t\t\t\t\t\t\t\t\t\t\t\t\t\t<img decoding=\"async\" width=\"542\" height=\"1004\" src=\"https:\/\/www.b-securite.com\/wp-content\/uploads\/2024\/03\/Kiwa-ISO-IEC-27001-logo-NL.jpg\" class=\"attachment-large size-large wp-image-1543\" alt=\"\" srcset=\"https:\/\/www.b-securite.com\/wp-content\/uploads\/2024\/03\/Kiwa-ISO-IEC-27001-logo-NL.jpg 542w, https:\/\/www.b-securite.com\/wp-content\/uploads\/2024\/03\/Kiwa-ISO-IEC-27001-logo-NL-162x300.jpg 162w\" sizes=\"(max-width: 542px) 100vw, 542px\" \/>\t\t\t\t\t\t\t\t\t\t\t\t\t\t\t<\/div>\n\t\t\t\t<\/div>\n\t\t\t\t<div class=\"elementor-element elementor-element-9430bb5 elementor-widget__width-initial elementor-widget-mobile__width-initial elementor-widget elementor-widget-image\" data-id=\"9430bb5\" data-element_type=\"widget\" data-e-type=\"widget\" data-widget_type=\"image.default\">\n\t\t\t\t<div class=\"elementor-widget-container\">\n\t\t\t\t\t\t\t\t\t\t\t\t\t\t\t<img decoding=\"async\" width=\"553\" height=\"1024\" src=\"https:\/\/www.b-securite.com\/wp-content\/uploads\/2024\/03\/EN-50518-Alarm-Receiving-Centre-553x1024.jpg\" class=\"attachment-large size-large wp-image-2327\" alt=\"\" srcset=\"https:\/\/www.b-securite.com\/wp-content\/uploads\/2024\/03\/EN-50518-Alarm-Receiving-Centre-553x1024.jpg 553w, https:\/\/www.b-securite.com\/wp-content\/uploads\/2024\/03\/EN-50518-Alarm-Receiving-Centre-162x300.jpg 162w, https:\/\/www.b-securite.com\/wp-content\/uploads\/2024\/03\/EN-50518-Alarm-Receiving-Centre-768x1423.jpg 768w, https:\/\/www.b-securite.com\/wp-content\/uploads\/2024\/03\/EN-50518-Alarm-Receiving-Centre-829x1536.jpg 829w, https:\/\/www.b-securite.com\/wp-content\/uploads\/2024\/03\/EN-50518-Alarm-Receiving-Centre.jpg 929w\" sizes=\"(max-width: 553px) 100vw, 553px\" \/>\t\t\t\t\t\t\t\t\t\t\t\t\t\t\t<\/div>\n\t\t\t\t<\/div>\n\t\t\t\t<\/div>\n\t\t\t\t<\/div>\n\t\t<div class=\"elementor-element elementor-element-90b9282 e-con-full e-flex e-con e-child\" data-id=\"90b9282\" data-element_type=\"container\" data-e-type=\"container\">\n\t\t\t\t<div class=\"elementor-element elementor-element-b0c3590 elementor-widget elementor-widget-text-editor\" data-id=\"b0c3590\" data-element_type=\"widget\" data-e-type=\"widget\" data-widget_type=\"text-editor.default\">\n\t\t\t\t<div class=\"elementor-widget-container\">\n\t\t\t\t\t\t\t\t\t<p>Este enfoque proporciona a B-Securit\u00e9 una visi\u00f3n actualizada de las novedades. El m\u00e9todo proporciona an\u00e1lisis y conocimientos organizativos para iniciar un camino seguro y responsable hacia el progreso. El enfoque preconizado por B-Securit\u00e9 permite que las operaciones empresariales se adapten a cambios singulares. Con esta actitud, seg\u00fan el equipo directivo, B-Securit\u00e9 se considera lo suficientemente flexible como para cumplir la promesa de mejorar el rendimiento a trav\u00e9s de la Excelencia en el Servicio.<\/p>\n<p>Adem\u00e1s, en parte debido a los requisitos establecidos en las normas EN 50518:2019 e ISO 27001, B-Securit\u00e9 realiza regularmente an\u00e1lisis organizativos, previsiones de futuro y valores predictivos mediante el uso inteligente de los datos para fomentar la cooperaci\u00f3n necesaria.<\/p>\n\t\t\t\t\t\t\t\t<\/div>\n\t\t\t\t<\/div>\n\t\t\t\t<\/div>\n\t\t\t\t\t<\/div>\n\t\t\t\t<\/div>\n\t\t<div class=\"elementor-element elementor-element-4bdf9e3 elementor-hidden-desktop elementor-hidden-tablet elementor-hidden-mobile e-flex e-con-boxed e-con e-parent\" data-id=\"4bdf9e3\" data-element_type=\"container\" data-e-type=\"container\">\n\t\t\t\t\t<div class=\"e-con-inner\">\n\t\t\t\t<div class=\"elementor-element elementor-element-ae48383 elementor-widget elementor-widget-heading\" data-id=\"ae48383\" data-element_type=\"widget\" data-e-type=\"widget\" data-widget_type=\"heading.default\">\n\t\t\t\t<div class=\"elementor-widget-container\">\n\t\t\t\t\t<h2 class=\"elementor-heading-title elementor-size-default\">Introducci\u00f3n<span style=\"color: #FE7100\">.<\/span><\/h2>\t\t\t\t<\/div>\n\t\t\t\t<\/div>\n\t\t\t\t<div class=\"elementor-element elementor-element-5047e4c elementor-widget elementor-widget-text-editor\" data-id=\"5047e4c\" data-element_type=\"widget\" data-e-type=\"widget\" data-widget_type=\"text-editor.default\">\n\t\t\t\t<div class=\"elementor-widget-container\">\n\t\t\t\t\t\t\t\t\t<p>&#8211; &#8211; &#8211;<\/p>\n\t\t\t\t\t\t\t\t<\/div>\n\t\t\t\t<\/div>\n\t\t\t\t\t<\/div>\n\t\t\t\t<\/div>\n\t\t<div class=\"elementor-element elementor-element-02c9b49 elementor-hidden-desktop elementor-hidden-tablet elementor-hidden-mobile e-flex e-con-boxed e-con e-parent\" data-id=\"02c9b49\" data-element_type=\"container\" data-e-type=\"container\">\n\t\t\t\t\t<div class=\"e-con-inner\">\n\t\t\t\t<div class=\"elementor-element elementor-element-2d64449 elementor-widget elementor-widget-jet-listing-grid\" data-id=\"2d64449\" data-element_type=\"widget\" data-e-type=\"widget\" data-settings=\"{&quot;columns&quot;:3,&quot;columns_tablet&quot;:&quot;2&quot;,&quot;columns_mobile&quot;:&quot;1&quot;}\" data-widget_type=\"jet-listing-grid.default\">\n\t\t\t\t<div class=\"elementor-widget-container\">\n\t\t\t\t\t<div class=\"jet-listing-grid jet-listing\"><div class=\"jet-listing-not-found jet-listing-grid__items\" data-nav=\"{&quot;enabled&quot;:false,&quot;type&quot;:null,&quot;more_el&quot;:null,&quot;query&quot;:[],&quot;widget_settings&quot;:{&quot;lisitng_id&quot;:502,&quot;posts_num&quot;:3,&quot;columns&quot;:3,&quot;columns_tablet&quot;:2,&quot;columns_mobile&quot;:1,&quot;column_min_width&quot;:240,&quot;column_min_width_tablet&quot;:240,&quot;column_min_width_mobile&quot;:240,&quot;inline_columns_css&quot;:false,&quot;is_archive_template&quot;:&quot;&quot;,&quot;post_status&quot;:[&quot;publish&quot;],&quot;use_random_posts_num&quot;:&quot;&quot;,&quot;max_posts_num&quot;:9,&quot;not_found_message&quot;:&quot;No se han encontrado datos&quot;,&quot;is_masonry&quot;:false,&quot;equal_columns_height&quot;:&quot;&quot;,&quot;use_load_more&quot;:&quot;&quot;,&quot;load_more_id&quot;:&quot;&quot;,&quot;load_more_type&quot;:&quot;click&quot;,&quot;load_more_offset&quot;:{&quot;unit&quot;:&quot;px&quot;,&quot;size&quot;:0,&quot;sizes&quot;:[]},&quot;use_custom_post_types&quot;:&quot;&quot;,&quot;custom_post_types&quot;:[],&quot;hide_widget_if&quot;:&quot;&quot;,&quot;carousel_enabled&quot;:&quot;yes&quot;,&quot;slides_to_scroll&quot;:&quot;1&quot;,&quot;arrows&quot;:&quot;true&quot;,&quot;arrow_icon&quot;:&quot;fa fa-angle-left&quot;,&quot;dots&quot;:&quot;&quot;,&quot;autoplay&quot;:&quot;true&quot;,&quot;pause_on_hover&quot;:&quot;true&quot;,&quot;autoplay_speed&quot;:5000,&quot;infinite&quot;:&quot;true&quot;,&quot;center_mode&quot;:&quot;&quot;,&quot;effect&quot;:&quot;slide&quot;,&quot;speed&quot;:500,&quot;inject_alternative_items&quot;:&quot;&quot;,&quot;injection_items&quot;:[],&quot;scroll_slider_enabled&quot;:&quot;&quot;,&quot;scroll_slider_on&quot;:[&quot;desktop&quot;,&quot;tablet&quot;,&quot;mobile&quot;],&quot;custom_query&quot;:false,&quot;custom_query_id&quot;:&quot;&quot;,&quot;_element_id&quot;:&quot;&quot;,&quot;collapse_first_last_gap&quot;:false,&quot;list_tag_selection&quot;:&quot;&quot;,&quot;list_items_wrapper_tag&quot;:&quot;div&quot;,&quot;list_item_tag&quot;:&quot;div&quot;,&quot;empty_items_wrapper_tag&quot;:&quot;div&quot;}}\" data-listing-source=\"posts\" data-listing-id=\"502\" data-query-id=\"\" data-queried-id=\"2295|WP_Post\">No se han encontrado datos<\/div><\/div>\t\t\t\t<\/div>\n\t\t\t\t<\/div>\n\t\t\t\t\t<\/div>\n\t\t\t\t<\/div>\n\t\t\t\t<\/div>\n\t\t","protected":false},"excerpt":{"rendered":"<p>Acerca de B-Securit\u00e9 B-Securit\u00e9 es una Central Receptora de Alarmas (CRA) dotada de infraestructuras de alta tecnolog\u00eda, como c\u00e1maras inteligentes, detecci\u00f3n y tecnolog\u00eda de comunicaci\u00f3n. Al reunir una infraestructura de alta tecnolog\u00eda y conocimientos de alta calidad combinados con personas, B-Securit\u00e9 consigue marcar la diferencia con la \u00abseguridad a distancia\u00bb una y otra vez. Acerca [&hellip;]<\/p>\n","protected":false},"author":1,"featured_media":0,"parent":0,"menu_order":0,"comment_status":"closed","ping_status":"closed","template":"","meta":{"footnotes":""},"class_list":["post-2295","page","type-page","status-publish","hentry"],"yoast_head":"<!-- This site is optimized with the Yoast SEO plugin v27.0 - https:\/\/yoast.com\/product\/yoast-seo-wordpress\/ -->\n<title>Acerca de B-Securit\u00e9<\/title>\n<meta name=\"description\" content=\"Descubra el poder de B-Securit\u00e9, una Central Receptora de Alarmas l\u00edder en monitorizaci\u00f3n con tecnolog\u00eda avanzada.\" \/>\n<meta name=\"robots\" content=\"index, follow, max-snippet:-1, max-image-preview:large, max-video-preview:-1\" \/>\n<link rel=\"canonical\" href=\"https:\/\/www.b-securite.com\/es\/acerca-de-b-security\/\" \/>\n<meta property=\"og:locale\" content=\"es_ES\" \/>\n<meta property=\"og:type\" content=\"article\" \/>\n<meta property=\"og:title\" content=\"Acerca de B-Securit\u00e9\" \/>\n<meta property=\"og:description\" content=\"Descubra el poder de B-Securit\u00e9, una Central Receptora de Alarmas l\u00edder en monitorizaci\u00f3n con tecnolog\u00eda avanzada.\" \/>\n<meta property=\"og:url\" content=\"https:\/\/www.b-securite.com\/es\/acerca-de-b-security\/\" \/>\n<meta property=\"og:site_name\" content=\"Basic-Fit Security\" \/>\n<meta property=\"article:modified_time\" content=\"2024-07-03T14:30:39+00:00\" \/>\n<meta property=\"og:image\" content=\"https:\/\/www.b-securite.com\/wp-content\/uploads\/2024\/03\/Werkveld-1-724x1024.png\" \/>\n<meta name=\"twitter:card\" content=\"summary_large_image\" \/>\n<meta name=\"twitter:label1\" content=\"Tiempo de lectura\" \/>\n\t<meta name=\"twitter:data1\" content=\"2 minutos\" \/>\n<script type=\"application\/ld+json\" class=\"yoast-schema-graph\">{\"@context\":\"https:\/\/schema.org\",\"@graph\":[{\"@type\":\"WebPage\",\"@id\":\"https:\/\/www.b-securite.com\/es\/acerca-de-b-security\/\",\"url\":\"https:\/\/www.b-securite.com\/es\/acerca-de-b-security\/\",\"name\":\"Acerca de B-Securit\u00e9\",\"isPartOf\":{\"@id\":\"https:\/\/www.b-securite.com\/#website\"},\"primaryImageOfPage\":{\"@id\":\"https:\/\/www.b-securite.com\/es\/acerca-de-b-security\/#primaryimage\"},\"image\":{\"@id\":\"https:\/\/www.b-securite.com\/es\/acerca-de-b-security\/#primaryimage\"},\"thumbnailUrl\":\"https:\/\/www.b-securite.com\/wp-content\/uploads\/2024\/03\/Werkveld-1-724x1024.png\",\"datePublished\":\"2024-02-16T08:45:56+00:00\",\"dateModified\":\"2024-07-03T14:30:39+00:00\",\"description\":\"Descubra el poder de B-Securit\u00e9, una Central Receptora de Alarmas l\u00edder en monitorizaci\u00f3n con tecnolog\u00eda avanzada.\",\"breadcrumb\":{\"@id\":\"https:\/\/www.b-securite.com\/es\/acerca-de-b-security\/#breadcrumb\"},\"inLanguage\":\"es\",\"potentialAction\":[{\"@type\":\"ReadAction\",\"target\":[\"https:\/\/www.b-securite.com\/es\/acerca-de-b-security\/\"]}]},{\"@type\":\"ImageObject\",\"inLanguage\":\"es\",\"@id\":\"https:\/\/www.b-securite.com\/es\/acerca-de-b-security\/#primaryimage\",\"url\":\"https:\/\/www.b-securite.com\/wp-content\/uploads\/2024\/03\/Werkveld-1-724x1024.png\",\"contentUrl\":\"https:\/\/www.b-securite.com\/wp-content\/uploads\/2024\/03\/Werkveld-1-724x1024.png\"},{\"@type\":\"BreadcrumbList\",\"@id\":\"https:\/\/www.b-securite.com\/es\/acerca-de-b-security\/#breadcrumb\",\"itemListElement\":[{\"@type\":\"ListItem\",\"position\":1,\"name\":\"Home\",\"item\":\"https:\/\/www.b-securite.com\/es\/\"},{\"@type\":\"ListItem\",\"position\":2,\"name\":\"Acerca de B-Securit\u00e9\"}]},{\"@type\":\"WebSite\",\"@id\":\"https:\/\/www.b-securite.com\/#website\",\"url\":\"https:\/\/www.b-securite.com\/\",\"name\":\"Basic-Fit Security\",\"description\":\"Your safety first\",\"potentialAction\":[{\"@type\":\"SearchAction\",\"target\":{\"@type\":\"EntryPoint\",\"urlTemplate\":\"https:\/\/www.b-securite.com\/?s={search_term_string}\"},\"query-input\":{\"@type\":\"PropertyValueSpecification\",\"valueRequired\":true,\"valueName\":\"search_term_string\"}}],\"inLanguage\":\"es\"}]}<\/script>\n<!-- \/ Yoast SEO plugin. -->","yoast_head_json":{"title":"Acerca de B-Securit\u00e9","description":"Descubra el poder de B-Securit\u00e9, una Central Receptora de Alarmas l\u00edder en monitorizaci\u00f3n con tecnolog\u00eda avanzada.","robots":{"index":"index","follow":"follow","max-snippet":"max-snippet:-1","max-image-preview":"max-image-preview:large","max-video-preview":"max-video-preview:-1"},"canonical":"https:\/\/www.b-securite.com\/es\/acerca-de-b-security\/","og_locale":"es_ES","og_type":"article","og_title":"Acerca de B-Securit\u00e9","og_description":"Descubra el poder de B-Securit\u00e9, una Central Receptora de Alarmas l\u00edder en monitorizaci\u00f3n con tecnolog\u00eda avanzada.","og_url":"https:\/\/www.b-securite.com\/es\/acerca-de-b-security\/","og_site_name":"Basic-Fit Security","article_modified_time":"2024-07-03T14:30:39+00:00","og_image":[{"url":"https:\/\/www.b-securite.com\/wp-content\/uploads\/2024\/03\/Werkveld-1-724x1024.png","type":"","width":"","height":""}],"twitter_card":"summary_large_image","twitter_misc":{"Tiempo de lectura":"2 minutos"},"schema":{"@context":"https:\/\/schema.org","@graph":[{"@type":"WebPage","@id":"https:\/\/www.b-securite.com\/es\/acerca-de-b-security\/","url":"https:\/\/www.b-securite.com\/es\/acerca-de-b-security\/","name":"Acerca de B-Securit\u00e9","isPartOf":{"@id":"https:\/\/www.b-securite.com\/#website"},"primaryImageOfPage":{"@id":"https:\/\/www.b-securite.com\/es\/acerca-de-b-security\/#primaryimage"},"image":{"@id":"https:\/\/www.b-securite.com\/es\/acerca-de-b-security\/#primaryimage"},"thumbnailUrl":"https:\/\/www.b-securite.com\/wp-content\/uploads\/2024\/03\/Werkveld-1-724x1024.png","datePublished":"2024-02-16T08:45:56+00:00","dateModified":"2024-07-03T14:30:39+00:00","description":"Descubra el poder de B-Securit\u00e9, una Central Receptora de Alarmas l\u00edder en monitorizaci\u00f3n con tecnolog\u00eda avanzada.","breadcrumb":{"@id":"https:\/\/www.b-securite.com\/es\/acerca-de-b-security\/#breadcrumb"},"inLanguage":"es","potentialAction":[{"@type":"ReadAction","target":["https:\/\/www.b-securite.com\/es\/acerca-de-b-security\/"]}]},{"@type":"ImageObject","inLanguage":"es","@id":"https:\/\/www.b-securite.com\/es\/acerca-de-b-security\/#primaryimage","url":"https:\/\/www.b-securite.com\/wp-content\/uploads\/2024\/03\/Werkveld-1-724x1024.png","contentUrl":"https:\/\/www.b-securite.com\/wp-content\/uploads\/2024\/03\/Werkveld-1-724x1024.png"},{"@type":"BreadcrumbList","@id":"https:\/\/www.b-securite.com\/es\/acerca-de-b-security\/#breadcrumb","itemListElement":[{"@type":"ListItem","position":1,"name":"Home","item":"https:\/\/www.b-securite.com\/es\/"},{"@type":"ListItem","position":2,"name":"Acerca de B-Securit\u00e9"}]},{"@type":"WebSite","@id":"https:\/\/www.b-securite.com\/#website","url":"https:\/\/www.b-securite.com\/","name":"Basic-Fit Security","description":"Your safety first","potentialAction":[{"@type":"SearchAction","target":{"@type":"EntryPoint","urlTemplate":"https:\/\/www.b-securite.com\/?s={search_term_string}"},"query-input":{"@type":"PropertyValueSpecification","valueRequired":true,"valueName":"search_term_string"}}],"inLanguage":"es"}]}},"_links":{"self":[{"href":"https:\/\/www.b-securite.com\/es\/wp-json\/wp\/v2\/pages\/2295","targetHints":{"allow":["GET"]}}],"collection":[{"href":"https:\/\/www.b-securite.com\/es\/wp-json\/wp\/v2\/pages"}],"about":[{"href":"https:\/\/www.b-securite.com\/es\/wp-json\/wp\/v2\/types\/page"}],"author":[{"embeddable":true,"href":"https:\/\/www.b-securite.com\/es\/wp-json\/wp\/v2\/users\/1"}],"replies":[{"embeddable":true,"href":"https:\/\/www.b-securite.com\/es\/wp-json\/wp\/v2\/comments?post=2295"}],"version-history":[{"count":15,"href":"https:\/\/www.b-securite.com\/es\/wp-json\/wp\/v2\/pages\/2295\/revisions"}],"predecessor-version":[{"id":2389,"href":"https:\/\/www.b-securite.com\/es\/wp-json\/wp\/v2\/pages\/2295\/revisions\/2389"}],"wp:attachment":[{"href":"https:\/\/www.b-securite.com\/es\/wp-json\/wp\/v2\/media?parent=2295"}],"curies":[{"name":"wp","href":"https:\/\/api.w.org\/{rel}","templated":true}]}}