{"id":2129,"date":"2024-02-23T09:03:59","date_gmt":"2024-02-23T09:03:59","guid":{"rendered":"https:\/\/www.b-securite.com\/b-securite-academie\/"},"modified":"2024-07-03T12:48:53","modified_gmt":"2024-07-03T12:48:53","slug":"b-securite-academie","status":"publish","type":"page","link":"https:\/\/www.b-securite.com\/fr\/b-securite-academie\/","title":{"rendered":"B-Securit\u00e9 Acad\u00e9mie"},"content":{"rendered":"\t\t<div data-elementor-type=\"wp-page\" data-elementor-id=\"2129\" class=\"elementor elementor-2129 elementor-1094\" data-elementor-post-type=\"page\">\n\t\t\t\t<div class=\"elementor-element elementor-element-2fb10dc e-con-full elementor-hidden-mobile e-flex e-con e-parent\" data-id=\"2fb10dc\" data-element_type=\"container\" data-e-type=\"container\" data-settings=\"{&quot;background_background&quot;:&quot;classic&quot;}\">\n\t\t<div class=\"elementor-element elementor-element-b55a7d1 e-flex e-con-boxed e-con e-child\" data-id=\"b55a7d1\" data-element_type=\"container\" data-e-type=\"container\" data-settings=\"{&quot;background_background&quot;:&quot;classic&quot;}\">\n\t\t\t\t\t<div class=\"e-con-inner\">\n\t\t\t\t<div class=\"elementor-element elementor-element-551f360 elementor-invisible elementor-widget elementor-widget-heading\" data-id=\"551f360\" data-element_type=\"widget\" data-e-type=\"widget\" data-settings=\"{&quot;_animation&quot;:&quot;fadeIn&quot;}\" data-widget_type=\"heading.default\">\n\t\t\t\t<div class=\"elementor-widget-container\">\n\t\t\t\t\t<h1 class=\"elementor-heading-title elementor-size-default\">B-Securit\u00e9 Acad\u00e9mie<\/h1>\t\t\t\t<\/div>\n\t\t\t\t<\/div>\n\t\t\t\t<div class=\"elementor-element elementor-element-b12675c elementor-widget__width-initial elementor-invisible elementor-widget elementor-widget-text-editor\" data-id=\"b12675c\" data-element_type=\"widget\" data-e-type=\"widget\" data-settings=\"{&quot;_animation&quot;:&quot;fadeIn&quot;,&quot;_animation_delay&quot;:200}\" data-widget_type=\"text-editor.default\">\n\t\t\t\t<div class=\"elementor-widget-container\">\n\t\t\t\t\t\t\t\t\t<p>Pour assurer cette qualit\u00e9, B-Securit\u00e9 dispose de sa propre formation en entreprise dont l&rsquo;examen est certifi\u00e9 au niveau europ\u00e9en. Cette formation a \u00e9t\u00e9 d\u00e9velopp\u00e9e en interne et h\u00e9berg\u00e9e dans l&rsquo;Acad\u00e9mie B-Securit\u00e9.<\/p>\n\t\t\t\t\t\t\t\t<\/div>\n\t\t\t\t<\/div>\n\t\t\t\t\t<\/div>\n\t\t\t\t<\/div>\n\t\t\t\t<\/div>\n\t\t<div class=\"elementor-element elementor-element-5c844bd elementor-hidden-desktop elementor-hidden-tablet e-flex e-con-boxed e-con e-parent\" data-id=\"5c844bd\" data-element_type=\"container\" data-e-type=\"container\" data-settings=\"{&quot;background_background&quot;:&quot;classic&quot;}\">\n\t\t\t\t\t<div class=\"e-con-inner\">\n\t\t\t\t<div class=\"elementor-element elementor-element-7935ac2 elementor-invisible elementor-widget elementor-widget-heading\" data-id=\"7935ac2\" data-element_type=\"widget\" data-e-type=\"widget\" data-settings=\"{&quot;_animation&quot;:&quot;fadeIn&quot;}\" data-widget_type=\"heading.default\">\n\t\t\t\t<div class=\"elementor-widget-container\">\n\t\t\t\t\t<h1 class=\"elementor-heading-title elementor-size-default\">B-Securit\u00e9 Acad\u00e9mie<\/h1>\t\t\t\t<\/div>\n\t\t\t\t<\/div>\n\t\t\t\t<div class=\"elementor-element elementor-element-6af7def elementor-widget__width-initial elementor-invisible elementor-widget elementor-widget-text-editor\" data-id=\"6af7def\" data-element_type=\"widget\" data-e-type=\"widget\" data-settings=\"{&quot;_animation&quot;:&quot;fadeIn&quot;,&quot;_animation_delay&quot;:200}\" data-widget_type=\"text-editor.default\">\n\t\t\t\t<div class=\"elementor-widget-container\">\n\t\t\t\t\t\t\t\t\t<p>B-Securit\u00e9 a \u00e9t\u00e9 cr\u00e9\u00e9e conform\u00e9ment \u00e0 la Fondation europ\u00e9enne pour la gestion de la qualit\u00e9 (EFQM), qui accorde une importance primordiale \u00e0 la qualit\u00e9 du service. Pour assurer cette qualit\u00e9, B-Securit\u00e9 dispose de sa propre formation en entreprise dont l&rsquo;examen est certifi\u00e9 au niveau europ\u00e9en. Cette formation a \u00e9t\u00e9 d\u00e9velopp\u00e9e en interne et h\u00e9berg\u00e9e dans l&rsquo;Acad\u00e9mie B-Securit\u00e9.<\/p>\n\t\t\t\t\t\t\t\t<\/div>\n\t\t\t\t<\/div>\n\t\t\t\t\t<\/div>\n\t\t\t\t<\/div>\n\t\t<div class=\"elementor-element elementor-element-582a5b2 e-flex e-con-boxed elementor-invisible e-con e-parent\" data-id=\"582a5b2\" data-element_type=\"container\" data-e-type=\"container\" data-settings=\"{&quot;animation&quot;:&quot;fadeInUp&quot;}\">\n\t\t\t\t\t<div class=\"e-con-inner\">\n\t\t<div class=\"elementor-element elementor-element-aa57d41 e-flex e-con-boxed elementor-invisible e-con e-child\" data-id=\"aa57d41\" data-element_type=\"container\" data-e-type=\"container\" data-settings=\"{&quot;animation&quot;:&quot;fadeInUp&quot;}\">\n\t\t\t\t\t<div class=\"e-con-inner\">\n\t\t\t\t<div class=\"elementor-element elementor-element-0f61558 elementor-widget elementor-widget-heading\" data-id=\"0f61558\" data-element_type=\"widget\" data-e-type=\"widget\" data-widget_type=\"heading.default\">\n\t\t\t\t<div class=\"elementor-widget-container\">\n\t\t\t\t\t<h2 class=\"elementor-heading-title elementor-size-default\">B-Securit\u00e9 Academy <span style=\"color: #FE7100\">.<\/span><\/h2>\t\t\t\t<\/div>\n\t\t\t\t<\/div>\n\t\t\t\t<div class=\"elementor-element elementor-element-d53166e elementor-widget elementor-widget-text-editor\" data-id=\"d53166e\" data-element_type=\"widget\" data-e-type=\"widget\" data-widget_type=\"text-editor.default\">\n\t\t\t\t<div class=\"elementor-widget-container\">\n\t\t\t\t\t\t\t\t\t<p>La politique de carri\u00e8re de B-Securit\u00e9 est bas\u00e9e sur le principe que le travailleur est le directeur de sa propre carri\u00e8re. La B-Securit\u00e9 Academy a pour objectif de soutenir le d\u00e9veloppement des employ\u00e9s et la coop\u00e9ration mutuelle, d&rsquo;une part, et le d\u00e9veloppement de la technologie, d&rsquo;autre part.<\/p>\n\t\t\t\t\t\t\t\t<\/div>\n\t\t\t\t<\/div>\n\t\t\t\t\t<\/div>\n\t\t\t\t<\/div>\n\t\t\t\t\t<\/div>\n\t\t\t\t<\/div>\n\t\t<div class=\"elementor-element elementor-element-490da23 e-flex e-con-boxed elementor-invisible e-con e-parent\" data-id=\"490da23\" data-element_type=\"container\" data-e-type=\"container\" data-settings=\"{&quot;animation&quot;:&quot;fadeInUp&quot;}\">\n\t\t\t\t\t<div class=\"e-con-inner\">\n\t\t<div class=\"elementor-element elementor-element-f994220 e-flex e-con-boxed elementor-invisible e-con e-child\" data-id=\"f994220\" data-element_type=\"container\" data-e-type=\"container\" data-settings=\"{&quot;animation&quot;:&quot;fadeInUp&quot;}\">\n\t\t\t\t\t<div class=\"e-con-inner\">\n\t\t\t\t<div class=\"elementor-element elementor-element-7300ae7 elementor-widget elementor-widget-heading\" data-id=\"7300ae7\" data-element_type=\"widget\" data-e-type=\"widget\" data-widget_type=\"heading.default\">\n\t\t\t\t<div class=\"elementor-widget-container\">\n\t\t\t\t\t<h2 class=\"elementor-heading-title elementor-size-default\">\u00c9ducation, \u00e9ducation et formation<span style=\"color: #FE7100\">.<\/span><\/h2>\t\t\t\t<\/div>\n\t\t\t\t<\/div>\n\t\t\t\t<div class=\"elementor-element elementor-element-a517405 elementor-widget elementor-widget-text-editor\" data-id=\"a517405\" data-element_type=\"widget\" data-e-type=\"widget\" data-widget_type=\"text-editor.default\">\n\t\t\t\t<div class=\"elementor-widget-container\">\n\t\t\t\t\t\t\t\t\t<p>Les nouveaux employ\u00e9s qui s&rsquo;inscrivent \u00e0 la B-Securit\u00e9 Academy b\u00e9n\u00e9ficient d&rsquo;un programme d&rsquo;introduction dit \u00ab\u00a0onboarding\u00a0\u00bb. L&rsquo;orientation pratique commence d\u00e8s le d\u00e9but du parcours de carri\u00e8re, suivie par la formation de niveau I de l&rsquo;entreprise, MARC-Operator-Basics. Cette formation s&rsquo;ach\u00e8ve par la d\u00e9livrance d&rsquo;un certificat par KIWA\/IBEX lorsque l&#8217;employ\u00e9 a r\u00e9ussi l&rsquo;examen. Le parcours de carri\u00e8re se poursuit par un cours de niveau II MARC-Op\u00e9rateur-Advanced, qui permet \u00e0 l&#8217;employ\u00e9 de continuer \u00e0 se d\u00e9velopper.<\/p>\n<p>Un certain nombre d&#8217;employ\u00e9s jouent le r\u00f4le de superviseur, le responsable op\u00e9rationnel de B-Securit\u00e9 24 heures sur 24 et 7 jours sur 7, ou deviennent superviseurs. Aucun cours ne sera d\u00e9velopp\u00e9 pour les superviseurs, mais nous avons un programme de mentorat sous forme d&rsquo;ateliers. Une formation de niveau II est \u00e9galement dispens\u00e9e aux superviseurs.<\/p>\n<p>Le r\u00e9sultat des investissements dans ce programme OVT est d&rsquo;obtenir un excellent service pour Basic-Fit, le niveau de s\u00e9curit\u00e9 dans les clubs Basic-Fit \u00e9tant de haute qualit\u00e9 et de nature durable.<\/p>\n\t\t\t\t\t\t\t\t<\/div>\n\t\t\t\t<\/div>\n\t\t\t\t\t<\/div>\n\t\t\t\t<\/div>\n\t\t\t\t\t<\/div>\n\t\t\t\t<\/div>\n\t\t<div class=\"elementor-element elementor-element-fcd3040 e-flex e-con-boxed elementor-invisible e-con e-parent\" data-id=\"fcd3040\" data-element_type=\"container\" data-e-type=\"container\" data-settings=\"{&quot;animation&quot;:&quot;fadeInUp&quot;}\">\n\t\t\t\t\t<div class=\"e-con-inner\">\n\t\t<div class=\"elementor-element elementor-element-3c1cea1 e-flex e-con-boxed elementor-invisible e-con e-child\" data-id=\"3c1cea1\" data-element_type=\"container\" data-e-type=\"container\" data-settings=\"{&quot;animation&quot;:&quot;fadeInUp&quot;}\">\n\t\t\t\t\t<div class=\"e-con-inner\">\n\t\t\t\t<div class=\"elementor-element elementor-element-41d2a4d elementor-widget elementor-widget-heading\" data-id=\"41d2a4d\" data-element_type=\"widget\" data-e-type=\"widget\" data-widget_type=\"heading.default\">\n\t\t\t\t<div class=\"elementor-widget-container\">\n\t\t\t\t\t<h2 class=\"elementor-heading-title elementor-size-default\">Programme de recherche et d\u00e9veloppement <span style=\"color: #FE7100\">. <\/span><\/h2>\t\t\t\t<\/div>\n\t\t\t\t<\/div>\n\t\t\t\t<div class=\"elementor-element elementor-element-dab0754 elementor-widget elementor-widget-text-editor\" data-id=\"dab0754\" data-element_type=\"widget\" data-e-type=\"widget\" data-widget_type=\"text-editor.default\">\n\t\t\t\t<div class=\"elementor-widget-container\">\n\t\t\t\t\t\t\t\t\t<p>Le d\u00e9partement D\u00e9veloppement comprend les d\u00e9partements Camera Artificial Intelligence et Device Management Portal. Le d\u00e9partement D\u00e9veloppement est charg\u00e9 et responsable du d\u00e9veloppement et de la gestion op\u00e9rationnelle de la B-Securit\u00e9.<\/p>\n<p>B-Securit\u00e9 dispose de son propre programme de d\u00e9veloppement de logiciels au sein de la B-Securit\u00e9 Academy. Ainsi, le d\u00e9veloppement technique qui a lieu dans les laboratoires op\u00e9rationnels sur le terrain est mis en place en \u00e9troite coordination avec le programme OVT, qui est \u00e9galement h\u00e9berg\u00e9 au sein de la B-Securit\u00e9 Academy.<\/p>\n\t\t\t\t\t\t\t\t<\/div>\n\t\t\t\t<\/div>\n\t\t\t\t<div class=\"elementor-element elementor-element-a9ddc94 elementor-widget elementor-widget-button\" data-id=\"a9ddc94\" data-element_type=\"widget\" data-e-type=\"widget\" data-widget_type=\"button.default\">\n\t\t\t\t<div class=\"elementor-widget-container\">\n\t\t\t\t\t\t\t\t\t<div class=\"elementor-button-wrapper\">\n\t\t\t\t\t<a class=\"elementor-button elementor-button-link elementor-size-sm\" href=\"#\">\n\t\t\t\t\t\t<span class=\"elementor-button-content-wrapper\">\n\t\t\t\t\t\t\t\t\t<span class=\"elementor-button-text\">Recherche et d\u00e9veloppement<\/span>\n\t\t\t\t\t<\/span>\n\t\t\t\t\t<\/a>\n\t\t\t\t<\/div>\n\t\t\t\t\t\t\t\t<\/div>\n\t\t\t\t<\/div>\n\t\t\t\t\t<\/div>\n\t\t\t\t<\/div>\n\t\t\t\t\t<\/div>\n\t\t\t\t<\/div>\n\t\t\t\t<\/div>\n\t\t","protected":false},"excerpt":{"rendered":"<p>B-Securit\u00e9 Acad\u00e9mie Pour assurer cette qualit\u00e9, B-Securit\u00e9 dispose de sa propre formation en entreprise dont l&rsquo;examen est certifi\u00e9 au niveau europ\u00e9en. Cette formation a \u00e9t\u00e9 d\u00e9velopp\u00e9e en interne et h\u00e9berg\u00e9e dans l&rsquo;Acad\u00e9mie B-Securit\u00e9. B-Securit\u00e9 Acad\u00e9mie B-Securit\u00e9 a \u00e9t\u00e9 cr\u00e9\u00e9e conform\u00e9ment \u00e0 la Fondation europ\u00e9enne pour la gestion de la qualit\u00e9 (EFQM), qui accorde une importance [&hellip;]<\/p>\n","protected":false},"author":1,"featured_media":0,"parent":0,"menu_order":0,"comment_status":"closed","ping_status":"closed","template":"","meta":{"footnotes":""},"class_list":["post-2129","page","type-page","status-publish","hentry"],"yoast_head":"<!-- This site is optimized with the Yoast SEO plugin v27.0 - https:\/\/yoast.com\/product\/yoast-seo-wordpress\/ -->\n<title>B-Securit\u00e9 Acad\u00e9mie - Basic-Fit Security<\/title>\n<meta name=\"description\" content=\"Pour assurer la qualit\u00e9, B-Securit\u00e9 dispose de sa propre formation en entreprise : la B-Securit\u00e9 Academy. Am\u00e9liorez vos comp\u00e9tences et stimulez votre carri\u00e8re !\" \/>\n<meta name=\"robots\" content=\"index, follow, max-snippet:-1, max-image-preview:large, max-video-preview:-1\" \/>\n<link rel=\"canonical\" href=\"https:\/\/www.b-securite.com\/fr\/b-securite-academie\/\" \/>\n<meta property=\"og:locale\" content=\"fr_FR\" \/>\n<meta property=\"og:type\" content=\"article\" \/>\n<meta property=\"og:title\" content=\"B-Securit\u00e9 Acad\u00e9mie - Basic-Fit Security\" \/>\n<meta property=\"og:description\" content=\"Pour assurer la qualit\u00e9, B-Securit\u00e9 dispose de sa propre formation en entreprise : la B-Securit\u00e9 Academy. Am\u00e9liorez vos comp\u00e9tences et stimulez votre carri\u00e8re !\" \/>\n<meta property=\"og:url\" content=\"https:\/\/www.b-securite.com\/fr\/b-securite-academie\/\" \/>\n<meta property=\"og:site_name\" content=\"Basic-Fit Security\" \/>\n<meta property=\"article:modified_time\" content=\"2024-07-03T12:48:53+00:00\" \/>\n<meta name=\"twitter:card\" content=\"summary_large_image\" \/>\n<meta name=\"twitter:label1\" content=\"Dur\u00e9e de lecture estim\u00e9e\" \/>\n\t<meta name=\"twitter:data1\" content=\"2 minutes\" \/>\n<script type=\"application\/ld+json\" class=\"yoast-schema-graph\">{\"@context\":\"https:\/\/schema.org\",\"@graph\":[{\"@type\":\"WebPage\",\"@id\":\"https:\/\/www.b-securite.com\/fr\/b-securite-academie\/\",\"url\":\"https:\/\/www.b-securite.com\/fr\/b-securite-academie\/\",\"name\":\"B-Securit\u00e9 Acad\u00e9mie - Basic-Fit Security\",\"isPartOf\":{\"@id\":\"https:\/\/www.b-securite.com\/#website\"},\"datePublished\":\"2024-02-23T09:03:59+00:00\",\"dateModified\":\"2024-07-03T12:48:53+00:00\",\"description\":\"Pour assurer la qualit\u00e9, B-Securit\u00e9 dispose de sa propre formation en entreprise : la B-Securit\u00e9 Academy. Am\u00e9liorez vos comp\u00e9tences et stimulez votre carri\u00e8re !\",\"breadcrumb\":{\"@id\":\"https:\/\/www.b-securite.com\/fr\/b-securite-academie\/#breadcrumb\"},\"inLanguage\":\"fr-FR\",\"potentialAction\":[{\"@type\":\"ReadAction\",\"target\":[\"https:\/\/www.b-securite.com\/fr\/b-securite-academie\/\"]}]},{\"@type\":\"BreadcrumbList\",\"@id\":\"https:\/\/www.b-securite.com\/fr\/b-securite-academie\/#breadcrumb\",\"itemListElement\":[{\"@type\":\"ListItem\",\"position\":1,\"name\":\"Home\",\"item\":\"https:\/\/www.b-securite.com\/fr\/\"},{\"@type\":\"ListItem\",\"position\":2,\"name\":\"B-Securit\u00e9 Acad\u00e9mie\"}]},{\"@type\":\"WebSite\",\"@id\":\"https:\/\/www.b-securite.com\/#website\",\"url\":\"https:\/\/www.b-securite.com\/\",\"name\":\"Basic-Fit Security\",\"description\":\"Your safety first\",\"potentialAction\":[{\"@type\":\"SearchAction\",\"target\":{\"@type\":\"EntryPoint\",\"urlTemplate\":\"https:\/\/www.b-securite.com\/?s={search_term_string}\"},\"query-input\":{\"@type\":\"PropertyValueSpecification\",\"valueRequired\":true,\"valueName\":\"search_term_string\"}}],\"inLanguage\":\"fr-FR\"}]}<\/script>\n<!-- \/ Yoast SEO plugin. -->","yoast_head_json":{"title":"B-Securit\u00e9 Acad\u00e9mie - Basic-Fit Security","description":"Pour assurer la qualit\u00e9, B-Securit\u00e9 dispose de sa propre formation en entreprise : la B-Securit\u00e9 Academy. Am\u00e9liorez vos comp\u00e9tences et stimulez votre carri\u00e8re !","robots":{"index":"index","follow":"follow","max-snippet":"max-snippet:-1","max-image-preview":"max-image-preview:large","max-video-preview":"max-video-preview:-1"},"canonical":"https:\/\/www.b-securite.com\/fr\/b-securite-academie\/","og_locale":"fr_FR","og_type":"article","og_title":"B-Securit\u00e9 Acad\u00e9mie - Basic-Fit Security","og_description":"Pour assurer la qualit\u00e9, B-Securit\u00e9 dispose de sa propre formation en entreprise : la B-Securit\u00e9 Academy. Am\u00e9liorez vos comp\u00e9tences et stimulez votre carri\u00e8re !","og_url":"https:\/\/www.b-securite.com\/fr\/b-securite-academie\/","og_site_name":"Basic-Fit Security","article_modified_time":"2024-07-03T12:48:53+00:00","twitter_card":"summary_large_image","twitter_misc":{"Dur\u00e9e de lecture estim\u00e9e":"2 minutes"},"schema":{"@context":"https:\/\/schema.org","@graph":[{"@type":"WebPage","@id":"https:\/\/www.b-securite.com\/fr\/b-securite-academie\/","url":"https:\/\/www.b-securite.com\/fr\/b-securite-academie\/","name":"B-Securit\u00e9 Acad\u00e9mie - Basic-Fit Security","isPartOf":{"@id":"https:\/\/www.b-securite.com\/#website"},"datePublished":"2024-02-23T09:03:59+00:00","dateModified":"2024-07-03T12:48:53+00:00","description":"Pour assurer la qualit\u00e9, B-Securit\u00e9 dispose de sa propre formation en entreprise : la B-Securit\u00e9 Academy. Am\u00e9liorez vos comp\u00e9tences et stimulez votre carri\u00e8re !","breadcrumb":{"@id":"https:\/\/www.b-securite.com\/fr\/b-securite-academie\/#breadcrumb"},"inLanguage":"fr-FR","potentialAction":[{"@type":"ReadAction","target":["https:\/\/www.b-securite.com\/fr\/b-securite-academie\/"]}]},{"@type":"BreadcrumbList","@id":"https:\/\/www.b-securite.com\/fr\/b-securite-academie\/#breadcrumb","itemListElement":[{"@type":"ListItem","position":1,"name":"Home","item":"https:\/\/www.b-securite.com\/fr\/"},{"@type":"ListItem","position":2,"name":"B-Securit\u00e9 Acad\u00e9mie"}]},{"@type":"WebSite","@id":"https:\/\/www.b-securite.com\/#website","url":"https:\/\/www.b-securite.com\/","name":"Basic-Fit Security","description":"Your safety first","potentialAction":[{"@type":"SearchAction","target":{"@type":"EntryPoint","urlTemplate":"https:\/\/www.b-securite.com\/?s={search_term_string}"},"query-input":{"@type":"PropertyValueSpecification","valueRequired":true,"valueName":"search_term_string"}}],"inLanguage":"fr-FR"}]}},"_links":{"self":[{"href":"https:\/\/www.b-securite.com\/fr\/wp-json\/wp\/v2\/pages\/2129","targetHints":{"allow":["GET"]}}],"collection":[{"href":"https:\/\/www.b-securite.com\/fr\/wp-json\/wp\/v2\/pages"}],"about":[{"href":"https:\/\/www.b-securite.com\/fr\/wp-json\/wp\/v2\/types\/page"}],"author":[{"embeddable":true,"href":"https:\/\/www.b-securite.com\/fr\/wp-json\/wp\/v2\/users\/1"}],"replies":[{"embeddable":true,"href":"https:\/\/www.b-securite.com\/fr\/wp-json\/wp\/v2\/comments?post=2129"}],"version-history":[{"count":12,"href":"https:\/\/www.b-securite.com\/fr\/wp-json\/wp\/v2\/pages\/2129\/revisions"}],"predecessor-version":[{"id":2354,"href":"https:\/\/www.b-securite.com\/fr\/wp-json\/wp\/v2\/pages\/2129\/revisions\/2354"}],"wp:attachment":[{"href":"https:\/\/www.b-securite.com\/fr\/wp-json\/wp\/v2\/media?parent=2129"}],"curies":[{"name":"wp","href":"https:\/\/api.w.org\/{rel}","templated":true}]}}