{"id":2195,"date":"2024-02-16T08:45:56","date_gmt":"2024-02-16T08:45:56","guid":{"rendered":"https:\/\/www.b-securite.com\/a-propos-de-b-security\/"},"modified":"2024-07-03T14:30:39","modified_gmt":"2024-07-03T14:30:39","slug":"a-propos-de-b-security","status":"publish","type":"page","link":"https:\/\/www.b-securite.com\/fr\/a-propos-de-b-security\/","title":{"rendered":"\u00c0 propos de B-Securit\u00e9"},"content":{"rendered":"\t\t<div data-elementor-type=\"wp-page\" data-elementor-id=\"2195\" class=\"elementor elementor-2195 elementor-334\" data-elementor-post-type=\"page\">\n\t\t\t\t<div class=\"elementor-element elementor-element-4b9ef66 e-con-full elementor-hidden-mobile e-flex e-con e-parent\" data-id=\"4b9ef66\" data-element_type=\"container\" data-e-type=\"container\" data-settings=\"{&quot;background_background&quot;:&quot;classic&quot;}\">\n\t\t<div class=\"elementor-element elementor-element-ab0a494 e-flex e-con-boxed e-con e-child\" data-id=\"ab0a494\" data-element_type=\"container\" data-e-type=\"container\" data-settings=\"{&quot;background_background&quot;:&quot;classic&quot;}\">\n\t\t\t\t\t<div class=\"e-con-inner\">\n\t\t\t\t<div class=\"elementor-element elementor-element-383f6db elementor-invisible elementor-widget elementor-widget-heading\" data-id=\"383f6db\" data-element_type=\"widget\" data-e-type=\"widget\" data-settings=\"{&quot;_animation&quot;:&quot;fadeIn&quot;}\" data-widget_type=\"heading.default\">\n\t\t\t\t<div class=\"elementor-widget-container\">\n\t\t\t\t\t<h1 class=\"elementor-heading-title elementor-size-default\">\u00c0 propos de B-Securit\u00e9<\/h1>\t\t\t\t<\/div>\n\t\t\t\t<\/div>\n\t\t\t\t<div class=\"elementor-element elementor-element-29e5f37 elementor-widget__width-initial elementor-invisible elementor-widget elementor-widget-text-editor\" data-id=\"29e5f37\" data-element_type=\"widget\" data-e-type=\"widget\" data-settings=\"{&quot;_animation&quot;:&quot;fadeIn&quot;,&quot;_animation_delay&quot;:200}\" data-widget_type=\"text-editor.default\">\n\t\t\t\t<div class=\"elementor-widget-container\">\n\t\t\t\t\t\t\t\t\t<p>B-Securit\u00e9 est un centre de surveillance et de r\u00e9ception d&rsquo;alarmes (MARC) dot\u00e9 d&rsquo;une infrastructure de haute technologie telle que des cam\u00e9ras intelligentes, des technologies de d\u00e9tection et de communication. En combinant une infrastructure de haute technologie et des connaissances de qualit\u00e9 avec des personnes, B-Securit\u00e9 parvient \u00e0 faire la diff\u00e9rence en mati\u00e8re de \u00ab\u00a0s\u00e9curit\u00e9 \u00e0 distance\u00a0\u00bb, et ce \u00e0 plusieurs reprises.<\/p>\n\t\t\t\t\t\t\t\t<\/div>\n\t\t\t\t<\/div>\n\t\t\t\t\t<\/div>\n\t\t\t\t<\/div>\n\t\t\t\t<\/div>\n\t\t<div class=\"elementor-element elementor-element-d00dafd elementor-hidden-desktop elementor-hidden-tablet e-flex e-con-boxed e-con e-parent\" data-id=\"d00dafd\" data-element_type=\"container\" data-e-type=\"container\" data-settings=\"{&quot;background_background&quot;:&quot;classic&quot;}\">\n\t\t\t\t\t<div class=\"e-con-inner\">\n\t\t\t\t<div class=\"elementor-element elementor-element-7b0da1d elementor-invisible elementor-widget elementor-widget-heading\" data-id=\"7b0da1d\" data-element_type=\"widget\" data-e-type=\"widget\" data-settings=\"{&quot;_animation&quot;:&quot;fadeIn&quot;}\" data-widget_type=\"heading.default\">\n\t\t\t\t<div class=\"elementor-widget-container\">\n\t\t\t\t\t<h1 class=\"elementor-heading-title elementor-size-default\">\u00c0 propos de B-securit\u00e9<\/h1>\t\t\t\t<\/div>\n\t\t\t\t<\/div>\n\t\t\t\t<div class=\"elementor-element elementor-element-a6ebc8a elementor-widget__width-initial elementor-invisible elementor-widget elementor-widget-text-editor\" data-id=\"a6ebc8a\" data-element_type=\"widget\" data-e-type=\"widget\" data-settings=\"{&quot;_animation&quot;:&quot;fadeIn&quot;,&quot;_animation_delay&quot;:200}\" data-widget_type=\"text-editor.default\">\n\t\t\t\t<div class=\"elementor-widget-container\">\n\t\t\t\t\t\t\t\t\t<p>La soci\u00e9t\u00e9 qui nous entoure est en constante \u00e9volution, tout comme les opinions des citoyens qui la composent.<br \/>Suivre les \u00e9volutions technologiques et soci\u00e9tales.<\/p>\n\t\t\t\t\t\t\t\t<\/div>\n\t\t\t\t<\/div>\n\t\t\t\t\t<\/div>\n\t\t\t\t<\/div>\n\t\t<div class=\"elementor-element elementor-element-169afd6 e-flex e-con-boxed e-con e-parent\" data-id=\"169afd6\" data-element_type=\"container\" data-e-type=\"container\" data-settings=\"{&quot;background_background&quot;:&quot;classic&quot;}\">\n\t\t\t\t\t<div class=\"e-con-inner\">\n\t\t<div class=\"elementor-element elementor-element-6bbed7a e-con-full e-flex elementor-invisible e-con e-child\" data-id=\"6bbed7a\" data-element_type=\"container\" data-e-type=\"container\" data-settings=\"{&quot;animation&quot;:&quot;fadeInUp&quot;,&quot;animation_delay&quot;:600}\">\n\t\t\t\t<div class=\"elementor-element elementor-element-6517089 elementor-widget elementor-widget-heading\" data-id=\"6517089\" data-element_type=\"widget\" data-e-type=\"widget\" data-widget_type=\"heading.default\">\n\t\t\t\t<div class=\"elementor-widget-container\">\n\t\t\t\t\t<h2 class=\"elementor-heading-title elementor-size-default\">Notre cr\u00e9ation de valeur<span style=\"color: #FE7100\">.<\/span><\/h2>\t\t\t\t<\/div>\n\t\t\t\t<\/div>\n\t\t\t\t<div class=\"elementor-element elementor-element-f4396a9 elementor-widget elementor-widget-text-editor\" data-id=\"f4396a9\" data-element_type=\"widget\" data-e-type=\"widget\" data-widget_type=\"text-editor.default\">\n\t\t\t\t<div class=\"elementor-widget-container\">\n\t\t\t\t\t\t\t\t\t<p>En utilisant l&rsquo;approche de l&rsquo;European Foundation Quality Management (EFQM), B-Securit\u00e9 met l&rsquo;accent sur l&rsquo;importance de la cr\u00e9ation de valeur, c&rsquo;est-\u00e0-dire sur sa raison d&rsquo;\u00eatre, en d\u00e9veloppant et en appliquant une vision et des strat\u00e9gies agiles. Ce faisant, la satisfaction de l&rsquo;organisation de Basic-Fit est primordiale, avec un \u0153il sur le bien-\u00eatre des employ\u00e9s et des membres de Basic-Fit et sur les r\u00e9sultats op\u00e9rationnels sains de B-Securit\u00e9 elle-m\u00eame.<\/p>\n<p>L&rsquo;approche EFQM est en partie consid\u00e9r\u00e9e par B-Securit\u00e9 comme un changement culturel innovant de l'\u00a0\u00bbancienne\u00a0\u00bb culture de la s\u00e9curit\u00e9. Les cadres s&rsquo;ouvrent et sont constamment \u00ab\u00a0refl\u00e9t\u00e9s\u00a0\u00bb sur l&rsquo;efficacit\u00e9 de leur travail. Cela permet \u00e0 B-Securit\u00e9 de rester fid\u00e8le \u00e0 son objectif d&rsquo;atteindre l&rsquo;excellence en mati\u00e8re de service gr\u00e2ce \u00e0 la collaboration et au travail d&rsquo;\u00e9quipe. <\/p>\n\t\t\t\t\t\t\t\t<\/div>\n\t\t\t\t<\/div>\n\t\t\t\t<\/div>\n\t\t<div class=\"elementor-element elementor-element-104b1cd e-con-full e-flex elementor-invisible e-con e-child\" data-id=\"104b1cd\" data-element_type=\"container\" data-e-type=\"container\" data-settings=\"{&quot;animation&quot;:&quot;fadeInUp&quot;,&quot;animation_delay&quot;:600}\">\n\t\t\t\t<div class=\"elementor-element elementor-element-1c5900f elementor-widget__width-initial elementor-widget elementor-widget-image\" data-id=\"1c5900f\" data-element_type=\"widget\" data-e-type=\"widget\" data-widget_type=\"image.default\">\n\t\t\t\t<div class=\"elementor-widget-container\">\n\t\t\t\t\t\t\t\t\t\t\t\t\t\t\t<img fetchpriority=\"high\" decoding=\"async\" width=\"724\" height=\"1024\" src=\"https:\/\/www.b-securite.com\/wp-content\/uploads\/2024\/03\/Werkveld-1-724x1024.png\" class=\"attachment-large size-large wp-image-2202\" alt=\"\" srcset=\"https:\/\/www.b-securite.com\/wp-content\/uploads\/2024\/03\/Werkveld-1-724x1024.png 724w, https:\/\/www.b-securite.com\/wp-content\/uploads\/2024\/03\/Werkveld-1-212x300.png 212w, https:\/\/www.b-securite.com\/wp-content\/uploads\/2024\/03\/Werkveld-1-768x1086.png 768w, https:\/\/www.b-securite.com\/wp-content\/uploads\/2024\/03\/Werkveld-1-1086x1536.png 1086w, https:\/\/www.b-securite.com\/wp-content\/uploads\/2024\/03\/Werkveld-1-1448x2048.png 1448w, https:\/\/www.b-securite.com\/wp-content\/uploads\/2024\/03\/Werkveld-1.png 1587w\" sizes=\"(max-width: 724px) 100vw, 724px\" \/>\t\t\t\t\t\t\t\t\t\t\t\t\t\t\t<\/div>\n\t\t\t\t<\/div>\n\t\t\t\t<\/div>\n\t\t\t\t\t<\/div>\n\t\t\t\t<\/div>\n\t\t<div class=\"elementor-element elementor-element-1aa4e42 animated-fast e-flex e-con-boxed elementor-invisible e-con e-parent\" data-id=\"1aa4e42\" data-element_type=\"container\" data-e-type=\"container\" data-settings=\"{&quot;animation&quot;:&quot;fadeInLeft&quot;}\">\n\t\t\t\t\t<div class=\"e-con-inner\">\n\t\t<div class=\"elementor-element elementor-element-9e048cc e-con-full e-flex e-con e-child\" data-id=\"9e048cc\" data-element_type=\"container\" data-e-type=\"container\">\n\t\t\t\t<div class=\"elementor-element elementor-element-51c9b6d elementor-widget__width-initial elementor-widget elementor-widget-heading\" data-id=\"51c9b6d\" data-element_type=\"widget\" data-e-type=\"widget\" data-widget_type=\"heading.default\">\n\t\t\t\t<div class=\"elementor-widget-container\">\n\t\t\t\t\t<h3 class=\"elementor-heading-title elementor-size-default\">L'approche B-Securit\u00e9<span style=\"color: #FE7100\">.<\/span><\/h3>\t\t\t\t<\/div>\n\t\t\t\t<\/div>\n\t\t<div class=\"elementor-element elementor-element-e46799a e-con-full e-flex e-con e-child\" data-id=\"e46799a\" data-element_type=\"container\" data-e-type=\"container\">\n\t\t\t\t<div class=\"elementor-element elementor-element-d8074a6 elementor-widget__width-initial elementor-widget-mobile__width-initial elementor-widget elementor-widget-image\" data-id=\"d8074a6\" data-element_type=\"widget\" data-e-type=\"widget\" data-widget_type=\"image.default\">\n\t\t\t\t<div class=\"elementor-widget-container\">\n\t\t\t\t\t\t\t\t\t\t\t\t\t\t\t<img decoding=\"async\" width=\"542\" height=\"1004\" src=\"https:\/\/www.b-securite.com\/wp-content\/uploads\/2024\/03\/Kiwa-ISO-IEC-27001-logo-NL.jpg\" class=\"attachment-large size-large wp-image-1543\" alt=\"\" srcset=\"https:\/\/www.b-securite.com\/wp-content\/uploads\/2024\/03\/Kiwa-ISO-IEC-27001-logo-NL.jpg 542w, https:\/\/www.b-securite.com\/wp-content\/uploads\/2024\/03\/Kiwa-ISO-IEC-27001-logo-NL-162x300.jpg 162w\" sizes=\"(max-width: 542px) 100vw, 542px\" \/>\t\t\t\t\t\t\t\t\t\t\t\t\t\t\t<\/div>\n\t\t\t\t<\/div>\n\t\t\t\t<div class=\"elementor-element elementor-element-9430bb5 elementor-widget__width-initial elementor-widget-mobile__width-initial elementor-widget elementor-widget-image\" data-id=\"9430bb5\" data-element_type=\"widget\" data-e-type=\"widget\" data-widget_type=\"image.default\">\n\t\t\t\t<div class=\"elementor-widget-container\">\n\t\t\t\t\t\t\t\t\t\t\t\t\t\t\t<img decoding=\"async\" width=\"553\" height=\"1024\" src=\"https:\/\/www.b-securite.com\/wp-content\/uploads\/2024\/03\/EN-50518-Alarm-Receiving-Centre-553x1024.jpg\" class=\"attachment-large size-large wp-image-2237\" alt=\"\" srcset=\"https:\/\/www.b-securite.com\/wp-content\/uploads\/2024\/03\/EN-50518-Alarm-Receiving-Centre-553x1024.jpg 553w, https:\/\/www.b-securite.com\/wp-content\/uploads\/2024\/03\/EN-50518-Alarm-Receiving-Centre-162x300.jpg 162w, https:\/\/www.b-securite.com\/wp-content\/uploads\/2024\/03\/EN-50518-Alarm-Receiving-Centre-768x1423.jpg 768w, https:\/\/www.b-securite.com\/wp-content\/uploads\/2024\/03\/EN-50518-Alarm-Receiving-Centre-829x1536.jpg 829w, https:\/\/www.b-securite.com\/wp-content\/uploads\/2024\/03\/EN-50518-Alarm-Receiving-Centre.jpg 929w\" sizes=\"(max-width: 553px) 100vw, 553px\" \/>\t\t\t\t\t\t\t\t\t\t\t\t\t\t\t<\/div>\n\t\t\t\t<\/div>\n\t\t\t\t<\/div>\n\t\t\t\t<\/div>\n\t\t<div class=\"elementor-element elementor-element-90b9282 e-con-full e-flex e-con e-child\" data-id=\"90b9282\" data-element_type=\"container\" data-e-type=\"container\">\n\t\t\t\t<div class=\"elementor-element elementor-element-b0c3590 elementor-widget elementor-widget-text-editor\" data-id=\"b0c3590\" data-element_type=\"widget\" data-e-type=\"widget\" data-widget_type=\"text-editor.default\">\n\t\t\t\t<div class=\"elementor-widget-container\">\n\t\t\t\t\t\t\t\t\t<p>Cette approche permet \u00e0 B-Securit\u00e9 d&rsquo;avoir une vision actualis\u00e9e des nouveaux d\u00e9veloppements. La m\u00e9thode fournit une analyse organisationnelle et un aper\u00e7u permettant d&rsquo;initier une voie s\u00fbre et responsable vers le progr\u00e8s. L&rsquo;approche pr\u00e9conis\u00e9e par B-Securit\u00e9 permet aux entreprises de s&rsquo;adapter \u00e0 des changements uniques. Gr\u00e2ce \u00e0 cette attitude, selon l&rsquo;\u00e9quipe de direction, B-Securit\u00e9 est consid\u00e9r\u00e9e comme suffisamment flexible pour tenir la promesse d&rsquo;am\u00e9lioration des performances par le biais de l&rsquo;excellence du service.<\/p>\n<p>En outre, notamment en raison des exigences de la norme EN 50518:2019 et de la norme ISO 27001, B-Securit\u00e9 proc\u00e8de r\u00e9guli\u00e8rement \u00e0 des analyses organisationnelles, \u00e0 des pr\u00e9visions et \u00e0 des valeurs pr\u00e9dictives en utilisant les donn\u00e9es de mani\u00e8re intelligente pour favoriser la coop\u00e9ration n\u00e9cessaire.<\/p>\n\t\t\t\t\t\t\t\t<\/div>\n\t\t\t\t<\/div>\n\t\t\t\t<\/div>\n\t\t\t\t\t<\/div>\n\t\t\t\t<\/div>\n\t\t<div class=\"elementor-element elementor-element-4bdf9e3 elementor-hidden-desktop elementor-hidden-tablet elementor-hidden-mobile e-flex e-con-boxed e-con e-parent\" data-id=\"4bdf9e3\" data-element_type=\"container\" data-e-type=\"container\">\n\t\t\t\t\t<div class=\"e-con-inner\">\n\t\t\t\t<div class=\"elementor-element elementor-element-ae48383 elementor-widget elementor-widget-heading\" data-id=\"ae48383\" data-element_type=\"widget\" data-e-type=\"widget\" data-widget_type=\"heading.default\">\n\t\t\t\t<div class=\"elementor-widget-container\">\n\t\t\t\t\t<h2 class=\"elementor-heading-title elementor-size-default\">Introduction<span style=\"color: #FE7100\">.<\/span><\/h2>\t\t\t\t<\/div>\n\t\t\t\t<\/div>\n\t\t\t\t<div class=\"elementor-element elementor-element-5047e4c elementor-widget elementor-widget-text-editor\" data-id=\"5047e4c\" data-element_type=\"widget\" data-e-type=\"widget\" data-widget_type=\"text-editor.default\">\n\t\t\t\t<div class=\"elementor-widget-container\">\n\t\t\t\t\t\t\t\t\t<p>&#8211; &#8211; &#8211;<\/p>\n\t\t\t\t\t\t\t\t<\/div>\n\t\t\t\t<\/div>\n\t\t\t\t\t<\/div>\n\t\t\t\t<\/div>\n\t\t<div class=\"elementor-element elementor-element-02c9b49 elementor-hidden-desktop elementor-hidden-tablet elementor-hidden-mobile e-flex e-con-boxed e-con e-parent\" data-id=\"02c9b49\" data-element_type=\"container\" data-e-type=\"container\">\n\t\t\t\t\t<div class=\"e-con-inner\">\n\t\t\t\t<div class=\"elementor-element elementor-element-2d64449 elementor-widget elementor-widget-jet-listing-grid\" data-id=\"2d64449\" data-element_type=\"widget\" data-e-type=\"widget\" data-settings=\"{&quot;columns&quot;:3,&quot;columns_tablet&quot;:&quot;2&quot;,&quot;columns_mobile&quot;:&quot;1&quot;}\" data-widget_type=\"jet-listing-grid.default\">\n\t\t\t\t<div class=\"elementor-widget-container\">\n\t\t\t\t\t<div class=\"jet-listing-grid jet-listing\"><div class=\"jet-listing-not-found jet-listing-grid__items\" data-nav=\"{&quot;enabled&quot;:false,&quot;type&quot;:null,&quot;more_el&quot;:null,&quot;query&quot;:[],&quot;widget_settings&quot;:{&quot;lisitng_id&quot;:502,&quot;posts_num&quot;:3,&quot;columns&quot;:3,&quot;columns_tablet&quot;:2,&quot;columns_mobile&quot;:1,&quot;column_min_width&quot;:240,&quot;column_min_width_tablet&quot;:240,&quot;column_min_width_mobile&quot;:240,&quot;inline_columns_css&quot;:false,&quot;is_archive_template&quot;:&quot;&quot;,&quot;post_status&quot;:[&quot;publish&quot;],&quot;use_random_posts_num&quot;:&quot;&quot;,&quot;max_posts_num&quot;:9,&quot;not_found_message&quot;:&quot;No data was found&quot;,&quot;is_masonry&quot;:false,&quot;equal_columns_height&quot;:&quot;&quot;,&quot;use_load_more&quot;:&quot;&quot;,&quot;load_more_id&quot;:&quot;&quot;,&quot;load_more_type&quot;:&quot;click&quot;,&quot;load_more_offset&quot;:{&quot;unit&quot;:&quot;px&quot;,&quot;size&quot;:0,&quot;sizes&quot;:[]},&quot;use_custom_post_types&quot;:&quot;&quot;,&quot;custom_post_types&quot;:[],&quot;hide_widget_if&quot;:&quot;&quot;,&quot;carousel_enabled&quot;:&quot;yes&quot;,&quot;slides_to_scroll&quot;:&quot;1&quot;,&quot;arrows&quot;:&quot;true&quot;,&quot;arrow_icon&quot;:&quot;fa fa-angle-left&quot;,&quot;dots&quot;:&quot;&quot;,&quot;autoplay&quot;:&quot;true&quot;,&quot;pause_on_hover&quot;:&quot;true&quot;,&quot;autoplay_speed&quot;:5000,&quot;infinite&quot;:&quot;true&quot;,&quot;center_mode&quot;:&quot;&quot;,&quot;effect&quot;:&quot;slide&quot;,&quot;speed&quot;:500,&quot;inject_alternative_items&quot;:&quot;&quot;,&quot;injection_items&quot;:[],&quot;scroll_slider_enabled&quot;:&quot;&quot;,&quot;scroll_slider_on&quot;:[&quot;desktop&quot;,&quot;tablet&quot;,&quot;mobile&quot;],&quot;custom_query&quot;:false,&quot;custom_query_id&quot;:&quot;&quot;,&quot;_element_id&quot;:&quot;&quot;,&quot;collapse_first_last_gap&quot;:false,&quot;list_tag_selection&quot;:&quot;&quot;,&quot;list_items_wrapper_tag&quot;:&quot;div&quot;,&quot;list_item_tag&quot;:&quot;div&quot;,&quot;empty_items_wrapper_tag&quot;:&quot;div&quot;}}\" data-listing-source=\"posts\" data-listing-id=\"502\" data-query-id=\"\" data-queried-id=\"2195|WP_Post\">No data was found<\/div><\/div>\t\t\t\t<\/div>\n\t\t\t\t<\/div>\n\t\t\t\t\t<\/div>\n\t\t\t\t<\/div>\n\t\t\t\t<\/div>\n\t\t","protected":false},"excerpt":{"rendered":"<p>\u00c0 propos de B-Securit\u00e9 B-Securit\u00e9 est un centre de surveillance et de r\u00e9ception d&rsquo;alarmes (MARC) dot\u00e9 d&rsquo;une infrastructure de haute technologie telle que des cam\u00e9ras intelligentes, des technologies de d\u00e9tection et de communication. En combinant une infrastructure de haute technologie et des connaissances de qualit\u00e9 avec des personnes, B-Securit\u00e9 parvient \u00e0 faire la diff\u00e9rence en [&hellip;]<\/p>\n","protected":false},"author":1,"featured_media":0,"parent":0,"menu_order":0,"comment_status":"closed","ping_status":"closed","template":"","meta":{"footnotes":""},"class_list":["post-2195","page","type-page","status-publish","hentry"],"yoast_head":"<!-- This site is optimized with the Yoast SEO plugin v27.0 - https:\/\/yoast.com\/product\/yoast-seo-wordpress\/ -->\n<title>\u00c0 propos de B-Securit\u00e9<\/title>\n<meta name=\"description\" content=\"D\u00e9couvrez la puissance de B-Securit\u00e9, un centre de surveillance et de r\u00e9ception d&#039;alarmes de premier plan dot\u00e9 d&#039;une technologie avanc\u00e9e.\" \/>\n<meta name=\"robots\" content=\"index, follow, max-snippet:-1, max-image-preview:large, max-video-preview:-1\" \/>\n<link rel=\"canonical\" href=\"https:\/\/www.b-securite.com\/fr\/a-propos-de-b-security\/\" \/>\n<meta property=\"og:locale\" content=\"fr_FR\" \/>\n<meta property=\"og:type\" content=\"article\" \/>\n<meta property=\"og:title\" content=\"\u00c0 propos de B-Securit\u00e9\" \/>\n<meta property=\"og:description\" content=\"D\u00e9couvrez la puissance de B-Securit\u00e9, un centre de surveillance et de r\u00e9ception d&#039;alarmes de premier plan dot\u00e9 d&#039;une technologie avanc\u00e9e.\" \/>\n<meta property=\"og:url\" content=\"https:\/\/www.b-securite.com\/fr\/a-propos-de-b-security\/\" \/>\n<meta property=\"og:site_name\" content=\"Basic-Fit Security\" \/>\n<meta property=\"article:modified_time\" content=\"2024-07-03T14:30:39+00:00\" \/>\n<meta property=\"og:image\" content=\"https:\/\/www.b-securite.com\/wp-content\/uploads\/2024\/03\/Werkveld-1-724x1024.png\" \/>\n<meta name=\"twitter:card\" content=\"summary_large_image\" \/>\n<meta name=\"twitter:label1\" content=\"Dur\u00e9e de lecture estim\u00e9e\" \/>\n\t<meta name=\"twitter:data1\" content=\"2 minutes\" \/>\n<script type=\"application\/ld+json\" class=\"yoast-schema-graph\">{\"@context\":\"https:\/\/schema.org\",\"@graph\":[{\"@type\":\"WebPage\",\"@id\":\"https:\/\/www.b-securite.com\/fr\/a-propos-de-b-security\/\",\"url\":\"https:\/\/www.b-securite.com\/fr\/a-propos-de-b-security\/\",\"name\":\"\u00c0 propos de B-Securit\u00e9\",\"isPartOf\":{\"@id\":\"https:\/\/www.b-securite.com\/#website\"},\"primaryImageOfPage\":{\"@id\":\"https:\/\/www.b-securite.com\/fr\/a-propos-de-b-security\/#primaryimage\"},\"image\":{\"@id\":\"https:\/\/www.b-securite.com\/fr\/a-propos-de-b-security\/#primaryimage\"},\"thumbnailUrl\":\"https:\/\/www.b-securite.com\/wp-content\/uploads\/2024\/03\/Werkveld-1-724x1024.png\",\"datePublished\":\"2024-02-16T08:45:56+00:00\",\"dateModified\":\"2024-07-03T14:30:39+00:00\",\"description\":\"D\u00e9couvrez la puissance de B-Securit\u00e9, un centre de surveillance et de r\u00e9ception d'alarmes de premier plan dot\u00e9 d'une technologie avanc\u00e9e.\",\"breadcrumb\":{\"@id\":\"https:\/\/www.b-securite.com\/fr\/a-propos-de-b-security\/#breadcrumb\"},\"inLanguage\":\"fr-FR\",\"potentialAction\":[{\"@type\":\"ReadAction\",\"target\":[\"https:\/\/www.b-securite.com\/fr\/a-propos-de-b-security\/\"]}]},{\"@type\":\"ImageObject\",\"inLanguage\":\"fr-FR\",\"@id\":\"https:\/\/www.b-securite.com\/fr\/a-propos-de-b-security\/#primaryimage\",\"url\":\"https:\/\/www.b-securite.com\/wp-content\/uploads\/2024\/03\/Werkveld-1-724x1024.png\",\"contentUrl\":\"https:\/\/www.b-securite.com\/wp-content\/uploads\/2024\/03\/Werkveld-1-724x1024.png\"},{\"@type\":\"BreadcrumbList\",\"@id\":\"https:\/\/www.b-securite.com\/fr\/a-propos-de-b-security\/#breadcrumb\",\"itemListElement\":[{\"@type\":\"ListItem\",\"position\":1,\"name\":\"Home\",\"item\":\"https:\/\/www.b-securite.com\/fr\/\"},{\"@type\":\"ListItem\",\"position\":2,\"name\":\"\u00c0 propos de B-Securit\u00e9\"}]},{\"@type\":\"WebSite\",\"@id\":\"https:\/\/www.b-securite.com\/#website\",\"url\":\"https:\/\/www.b-securite.com\/\",\"name\":\"Basic-Fit Security\",\"description\":\"Your safety first\",\"potentialAction\":[{\"@type\":\"SearchAction\",\"target\":{\"@type\":\"EntryPoint\",\"urlTemplate\":\"https:\/\/www.b-securite.com\/?s={search_term_string}\"},\"query-input\":{\"@type\":\"PropertyValueSpecification\",\"valueRequired\":true,\"valueName\":\"search_term_string\"}}],\"inLanguage\":\"fr-FR\"}]}<\/script>\n<!-- \/ Yoast SEO plugin. -->","yoast_head_json":{"title":"\u00c0 propos de B-Securit\u00e9","description":"D\u00e9couvrez la puissance de B-Securit\u00e9, un centre de surveillance et de r\u00e9ception d'alarmes de premier plan dot\u00e9 d'une technologie avanc\u00e9e.","robots":{"index":"index","follow":"follow","max-snippet":"max-snippet:-1","max-image-preview":"max-image-preview:large","max-video-preview":"max-video-preview:-1"},"canonical":"https:\/\/www.b-securite.com\/fr\/a-propos-de-b-security\/","og_locale":"fr_FR","og_type":"article","og_title":"\u00c0 propos de B-Securit\u00e9","og_description":"D\u00e9couvrez la puissance de B-Securit\u00e9, un centre de surveillance et de r\u00e9ception d'alarmes de premier plan dot\u00e9 d'une technologie avanc\u00e9e.","og_url":"https:\/\/www.b-securite.com\/fr\/a-propos-de-b-security\/","og_site_name":"Basic-Fit Security","article_modified_time":"2024-07-03T14:30:39+00:00","og_image":[{"url":"https:\/\/www.b-securite.com\/wp-content\/uploads\/2024\/03\/Werkveld-1-724x1024.png","type":"","width":"","height":""}],"twitter_card":"summary_large_image","twitter_misc":{"Dur\u00e9e de lecture estim\u00e9e":"2 minutes"},"schema":{"@context":"https:\/\/schema.org","@graph":[{"@type":"WebPage","@id":"https:\/\/www.b-securite.com\/fr\/a-propos-de-b-security\/","url":"https:\/\/www.b-securite.com\/fr\/a-propos-de-b-security\/","name":"\u00c0 propos de B-Securit\u00e9","isPartOf":{"@id":"https:\/\/www.b-securite.com\/#website"},"primaryImageOfPage":{"@id":"https:\/\/www.b-securite.com\/fr\/a-propos-de-b-security\/#primaryimage"},"image":{"@id":"https:\/\/www.b-securite.com\/fr\/a-propos-de-b-security\/#primaryimage"},"thumbnailUrl":"https:\/\/www.b-securite.com\/wp-content\/uploads\/2024\/03\/Werkveld-1-724x1024.png","datePublished":"2024-02-16T08:45:56+00:00","dateModified":"2024-07-03T14:30:39+00:00","description":"D\u00e9couvrez la puissance de B-Securit\u00e9, un centre de surveillance et de r\u00e9ception d'alarmes de premier plan dot\u00e9 d'une technologie avanc\u00e9e.","breadcrumb":{"@id":"https:\/\/www.b-securite.com\/fr\/a-propos-de-b-security\/#breadcrumb"},"inLanguage":"fr-FR","potentialAction":[{"@type":"ReadAction","target":["https:\/\/www.b-securite.com\/fr\/a-propos-de-b-security\/"]}]},{"@type":"ImageObject","inLanguage":"fr-FR","@id":"https:\/\/www.b-securite.com\/fr\/a-propos-de-b-security\/#primaryimage","url":"https:\/\/www.b-securite.com\/wp-content\/uploads\/2024\/03\/Werkveld-1-724x1024.png","contentUrl":"https:\/\/www.b-securite.com\/wp-content\/uploads\/2024\/03\/Werkveld-1-724x1024.png"},{"@type":"BreadcrumbList","@id":"https:\/\/www.b-securite.com\/fr\/a-propos-de-b-security\/#breadcrumb","itemListElement":[{"@type":"ListItem","position":1,"name":"Home","item":"https:\/\/www.b-securite.com\/fr\/"},{"@type":"ListItem","position":2,"name":"\u00c0 propos de B-Securit\u00e9"}]},{"@type":"WebSite","@id":"https:\/\/www.b-securite.com\/#website","url":"https:\/\/www.b-securite.com\/","name":"Basic-Fit Security","description":"Your safety first","potentialAction":[{"@type":"SearchAction","target":{"@type":"EntryPoint","urlTemplate":"https:\/\/www.b-securite.com\/?s={search_term_string}"},"query-input":{"@type":"PropertyValueSpecification","valueRequired":true,"valueName":"search_term_string"}}],"inLanguage":"fr-FR"}]}},"_links":{"self":[{"href":"https:\/\/www.b-securite.com\/fr\/wp-json\/wp\/v2\/pages\/2195","targetHints":{"allow":["GET"]}}],"collection":[{"href":"https:\/\/www.b-securite.com\/fr\/wp-json\/wp\/v2\/pages"}],"about":[{"href":"https:\/\/www.b-securite.com\/fr\/wp-json\/wp\/v2\/types\/page"}],"author":[{"embeddable":true,"href":"https:\/\/www.b-securite.com\/fr\/wp-json\/wp\/v2\/users\/1"}],"replies":[{"embeddable":true,"href":"https:\/\/www.b-securite.com\/fr\/wp-json\/wp\/v2\/comments?post=2195"}],"version-history":[{"count":6,"href":"https:\/\/www.b-securite.com\/fr\/wp-json\/wp\/v2\/pages\/2195\/revisions"}],"predecessor-version":[{"id":2385,"href":"https:\/\/www.b-securite.com\/fr\/wp-json\/wp\/v2\/pages\/2195\/revisions\/2385"}],"wp:attachment":[{"href":"https:\/\/www.b-securite.com\/fr\/wp-json\/wp\/v2\/media?parent=2195"}],"curies":[{"name":"wp","href":"https:\/\/api.w.org\/{rel}","templated":true}]}}